{"id":30885,"date":"2020-10-10T11:27:23","date_gmt":"2020-10-10T18:27:23","guid":{"rendered":"https:\/\/hollywoodforever.com\/?page_id=30885"},"modified":"2021-06-01T15:37:33","modified_gmt":"2021-06-01T22:37:33","slug":"servicios-funerarios-y-conmemorativos-premium","status":"publish","type":"page","link":"https:\/\/hollywoodforever.com\/es\/servicios-funerarios-y-conmemorativos-premium\/","title":{"rendered":"SERVICIOS FUNERARIOS Y CONMEMORATIVOS PREMIUM"},"content":{"rendered":"<p style=\"\"><span style=\"font-weight: 400;\">Hollywood Forever es reconocido como el principal cementerio de los \u00c1ngeles. Nuestros servicios conmemorativos y funerarios premium celebran la expresi\u00f3n art\u00edstica y creativa, otorgando una oportunidad de honrar de manera \u00fanica la vida vivida con una gracia y dignidad sin precedentes. Con los a\u00f1os, nuestros terrenos se han convertido en un museo ambulante de cine e historia c\u00edvica, escrito en bronce y grabado en piedra. En Hollywood Forever creemos que cada vida vivida es \u00fanica y merece un memorial y monumento igualmente especiales.<\/span><\/p>\n\n\t\t<div class=\"onlineQuote\">\n\t\t\t\t\t<hr class=\"filigree\" \/>\n\t\t\t\t<a class=\"getQuote onlineQuoteButton\" href=\"#\" target=\"_self\"><span class=\"label\">COMIENCE A REALIZAR SUS ARREGLOS EN L\u00cdNEA<\/span><\/a>\n<!--\t\t<a class=\"getQuote onlineQuoteButton\" data-fancybox data-type=\"iframe\" href=\"https:\/\/hollywoodforever.com\/get-a-custom-price-quote\/\" target=\"_self\"><span class=\"label\">BEGIN MAKING ARRANGEMENTS ONLINE<\/span><\/a> -->\n\t\t<p><span >O hable con un consejero de planificaci\u00f3n familiar, disponible 24\/7.<\/span><\/p>\n\t\t<p class=\"onlineQuotePhone\"><span><a href=\"tel:3234691181\">(323) 469-1181<\/a><\/span><\/p>\n\t\t<p><span class=\"pricing\">or <a href=\"\/funeral-home\/pricing\" >Haga clic aqu\u00ed para ver nuestros Planes y Precios<\/a><\/span><\/p>\n\t\t\t<\/div>\n\t\n","protected":false},"excerpt":{"rendered":"<p>Hollywood Forever es reconocido como el principal cementerio de los \u00c1ngeles. Nuestros servicios conmemorativos y funerarios premium celebran la expresi\u00f3n art\u00edstica y creativa, otorgando una oportunidad de honrar de manera [&#8230;]<\/p>\n<p><a class=\"btn btn-secondary understrap-read-more-link\" href=\"https:\/\/hollywoodforever.com\/es\/servicios-funerarios-y-conmemorativos-premium\/\">Leer m\u00e1s&#8230;<\/a><\/p>\n","protected":false},"author":3,"featured_media":31522,"parent":0,"menu_order":0,"comment_status":"closed","ping_status":"closed","template":"page-templates\/page-options.php","meta":{"_acf_changed":false,"footnotes":""},"class_list":["post-30885","page","type-page","status-publish","has-post-thumbnail","hentry"],"acf":[],"jetpack_sharing_enabled":true,"_links":{"self":[{"href":"https:\/\/hollywoodforever.com\/es\/wp-json\/wp\/v2\/pages\/30885","targetHints":{"allow":["GET"]}}],"collection":[{"href":"https:\/\/hollywoodforever.com\/es\/wp-json\/wp\/v2\/pages"}],"about":[{"href":"https:\/\/hollywoodforever.com\/es\/wp-json\/wp\/v2\/types\/page"}],"author":[{"embeddable":true,"href":"https:\/\/hollywoodforever.com\/es\/wp-json\/wp\/v2\/users\/3"}],"replies":[{"embeddable":true,"href":"https:\/\/hollywoodforever.com\/es\/wp-json\/wp\/v2\/comments?post=30885"}],"version-history":[{"count":0,"href":"https:\/\/hollywoodforever.com\/es\/wp-json\/wp\/v2\/pages\/30885\/revisions"}],"wp:featuredmedia":[{"embeddable":true,"href":"https:\/\/hollywoodforever.com\/es\/wp-json\/wp\/v2\/media\/31522"}],"wp:attachment":[{"href":"https:\/\/hollywoodforever.com\/es\/wp-json\/wp\/v2\/media?parent=30885"}],"curies":[{"name":"wp","href":"https:\/\/api.w.org\/{rel}","templated":true}]}}