{"id":30803,"date":"2020-06-30T16:01:22","date_gmt":"2020-06-30T23:01:22","guid":{"rendered":"https:\/\/hollywoodforever.com\/how-much-does-a-mausoleum-cost\/"},"modified":"2021-06-01T15:29:10","modified_gmt":"2021-06-01T22:29:10","slug":"cuanto-cuesta-un-mausoleo","status":"publish","type":"page","link":"https:\/\/hollywoodforever.com\/es\/how-much-does-a-mausoleum-cost\/","title":{"rendered":"\u00bfCU\u00c1NTO CUESTA UN MAUSOLEO?"},"content":{"rendered":"<p style=\"text-align: left;\"><span style=\"font-weight: 400;\">Hollywood Forever es el hogar de algunos de los mausoleos m\u00e1s hist\u00f3ricos de la naci\u00f3n, as\u00ed como de unos cuantos de los m\u00e1s nuevos e innovadores. Construidos para acomodar las necesidades de individuos y familias de todos los tama\u00f1os, los mausoleos ofrecen una alternativa al entierro en tierra y un hermoso lugar para el recuerdo o la colocaci\u00f3n de los restos incinerados.<\/span><\/p>\n<p style=\"text-align: left;\">Para ayudarle, nos hemos esforzado en responder muchas de las preguntas m\u00e1s comunes sobre las opciones de los mausoleos, incluyendo:<\/p>\n<p>\t\t<div class=\"pageTOC\">\n\t\t<dt class=\"tocHeader\"><strong>Table of Contents<\/strong> <small><i class=\"tocToggleText\">[click to hide\/show]<\/i><\/small><\/dt>\n\n\t\t<dd class=\"tocContent\">\n\t\t<div id=\"tocDiv\">\n\t\t<ul id=\"tocList\">\n\t\t<\/ul>\n\t\t<\/div>\n\t\t<\/dd>\n\t\t<\/div>\n\t<br \/>\n\n\t\t<div class=\"onlineQuote\">\n\t\t\t\t\t<hr class=\"filigree\" \/>\n\t\t\t\t<a class=\"getQuote onlineQuoteButton\" href=\"#\" target=\"_self\"><span class=\"label\">COMIENCE A REALIZAR SUS ARREGLOS EN L\u00cdNEA<\/span><\/a>\n<!--\t\t<a class=\"getQuote onlineQuoteButton\" data-fancybox data-type=\"iframe\" href=\"https:\/\/hollywoodforever.com\/get-a-custom-price-quote\/\" target=\"_self\"><span class=\"label\">BEGIN MAKING ARRANGEMENTS ONLINE<\/span><\/a> -->\n\t\t<p><span >O hable con un consejero de planificaci\u00f3n familiar, disponible 24\/7.<\/span><\/p>\n\t\t<p class=\"onlineQuotePhone\"><span><a href=\"tel:3234691181\">(323) 469-1181<\/a><\/span><\/p>\n\t\t<p><span class=\"pricing\">or <a href=\"\/funeral-home\/pricing\" >Haga clic aqu\u00ed para ver nuestros Planes y Precios<\/a><\/span><\/p>\n\t\t\t<\/div>\n\t<\/p>\n","protected":false},"excerpt":{"rendered":"<p>Hollywood Forever es el hogar de algunos de los mausoleos m\u00e1s hist\u00f3ricos de la naci\u00f3n, as\u00ed como de unos cuantos de los m\u00e1s nuevos e innovadores. Construidos para acomodar las [&#8230;]<\/p>\n<p><a class=\"btn btn-secondary understrap-read-more-link\" href=\"https:\/\/hollywoodforever.com\/es\/how-much-does-a-mausoleum-cost\/\">Leer m\u00e1s&#8230;<\/a><\/p>\n","protected":false},"author":3,"featured_media":30666,"parent":0,"menu_order":0,"comment_status":"closed","ping_status":"closed","template":"page-templates\/page-options.php","meta":{"_acf_changed":false,"footnotes":""},"class_list":["post-30803","page","type-page","status-publish","has-post-thumbnail","hentry"],"acf":[],"jetpack_sharing_enabled":true,"_links":{"self":[{"href":"https:\/\/hollywoodforever.com\/es\/wp-json\/wp\/v2\/pages\/30803","targetHints":{"allow":["GET"]}}],"collection":[{"href":"https:\/\/hollywoodforever.com\/es\/wp-json\/wp\/v2\/pages"}],"about":[{"href":"https:\/\/hollywoodforever.com\/es\/wp-json\/wp\/v2\/types\/page"}],"author":[{"embeddable":true,"href":"https:\/\/hollywoodforever.com\/es\/wp-json\/wp\/v2\/users\/3"}],"replies":[{"embeddable":true,"href":"https:\/\/hollywoodforever.com\/es\/wp-json\/wp\/v2\/comments?post=30803"}],"version-history":[{"count":0,"href":"https:\/\/hollywoodforever.com\/es\/wp-json\/wp\/v2\/pages\/30803\/revisions"}],"wp:featuredmedia":[{"embeddable":true,"href":"https:\/\/hollywoodforever.com\/es\/wp-json\/wp\/v2\/media\/30666"}],"wp:attachment":[{"href":"https:\/\/hollywoodforever.com\/es\/wp-json\/wp\/v2\/media?parent=30803"}],"curies":[{"name":"wp","href":"https:\/\/api.w.org\/{rel}","templated":true}]}}