{"id":30518,"date":"2020-06-23T01:22:08","date_gmt":"2020-06-23T08:22:08","guid":{"rendered":"https:\/\/hollywoodforever.com\/funeral-home\/bienes-y-servicios\/"},"modified":"2020-06-25T01:00:11","modified_gmt":"2020-06-25T08:00:11","slug":"bienes-y-servicios","status":"publish","type":"page","link":"https:\/\/hollywoodforever.com\/es\/funeral-home\/bienes-y-servicios\/","title":{"rendered":"Bienes y servicios"},"content":{"rendered":"<p style=\"text-align: center;\">Ya sea que alguien que amas haya fallecido o que est\u00e9s buscando arreglos seguros para el futuro, elegir servicios funerarios y mercader\u00eda puede ser abrumador. Nuestros consejeros amables y expertos lo guiar\u00e1n a trav\u00e9s de cualquier pregunta que pueda tener. Para familiarizarlo con algunas de sus opciones, aqu\u00ed hay una lista de algunos de los servicios mortuorios que ofrecemos. Nuestra lista de precios general est\u00e1 disponible si se solicita. Muchos de los servicios a continuaci\u00f3n est\u00e1n incluidos en los Paquetes Funerales que encontrar\u00e1 en nuestra Lista de precios general.<\/p>\n<h1 style=\"text-align: center; color: #526574; font-family: 'Ubuntu Condensed', sans-serif;\">BIENES Y SERVICIOS FUNERARIOS<\/h1>\n<h3><strong>Servicio B\u00e1sico del Director de Funerario y nuestro Equipo:<\/strong><\/h3>\n<p>Esta tarifa por nuestros servicios b\u00e1sicos y gastos generales se agregar\u00e1 al costo total de los arreglos funerarios que seleccione. Los art\u00edculos en esta categor\u00eda pueden incluir servicios de personal, la conferencia de arreglos, servicios de coordinaci\u00f3n, asistencia administrativa y gastos generales.<\/p>\n<h3><strong>Transferencia de restos a la funeraria:<\/strong><\/h3>\n<p>Este es el servicio de traer a su ser querido a nuestra funeraria. La tarifa cubre el transporte desde el lugar de fallecimiento (o la oficina del forense) hasta nuestras instalaciones, dentro de un radio de 20 millas.<\/p>\n<h3><strong>Embalsamamiento:<\/strong><\/h3>\n<p>Excepto en ciertos casos especiales, la ley no exige el embalsamamiento. Sin embargo, puede ser necesario el embalsamamiento si selecciona ciertos arreglos funerarios, como un funeral con velorio.<\/p>\n<h3><strong>Otra preparaci\u00f3n del difunto:<\/strong><\/h3>\n<p>Hay costos asociados con servicios como vestirse y comotizar, y \/ o la preparaci\u00f3n del cuerpo cuando no es embalsamado.<\/p>\n<h3><strong>Uso de instalaciones y Equipo para velaci\u00f3n:<\/strong><\/h3>\n<p>Esto incluye el uso de la capilla en los terrenos de Hollywood Forever, as\u00ed como el personal de supervisi\u00f3n, con el prop\u00f3sito de el velorio o visita.<\/p>\n<h3><strong>Uso de instalaciones y personal para la ceremonia f\u00fanebre:<\/strong><\/h3>\n<p>Esto incluye el uso de la capilla en los terrenos de Hollywood Forever, as\u00ed como el personal de supervisi\u00f3n, con el prop\u00f3sito de Servicio o Ceremonia con el difunto presente.<\/p>\n<h3><strong>Uso de instalaciones y personal para el servicio conmemorativo:<\/strong><\/h3>\n<p>Esto incluye el uso de la capilla en los terrenos de Hollywood Forever, as\u00ed como el personal de supervisi\u00f3n, con el prop\u00f3sito de servicio memorial (sin presencia del difunto).<\/p>\n<h3><strong>Uso del personal para el Servicio al lado de la tumba:<\/strong><\/h3>\n<p>Esto incluye personal de supervisi\u00f3n con el prop\u00f3sito de un servicio en la ubicaci\u00f3n de enterramiento en nuestros terrenos.<\/p>\n<h3><strong>Reenv\u00edo de restos a otra funeraria:<\/strong><\/h3>\n<p>Incluye servicios m\u00ednimos necesarios para enviar a un difunto a la morgue que recibe difunto.<\/p>\n<h3><strong>Recibiendo restos de otra funeraria:<\/strong><\/h3>\n<p>Incluye servicios m\u00ednimos necesarios para recibir un difunto de otra morgue.<\/p>\n<h3><strong>Entierro Inmediato:<\/strong><\/h3>\n<p>Incluye servicios m\u00ednimos necesarios para el entierro directo, usualmente sin testigos, de un difunto. Este servicio no implica ceremonia o visita previa.<\/p>\n<h3><strong>Cremaci\u00f3n Directa:<\/strong><\/h3>\n<p>Incluye servicios m\u00ednimos necesarios para la cremaci\u00f3n directa de un difunto. Este servicio no implica ceremonia o visita previa.<\/p>\n<h3><strong>Entrenador funerario:<\/strong><\/h3>\n<p>Veh\u00edculo utilizado para el transporte de un ata\u00fad hacia y desde el lugar del funeral y \/ o entierro.<\/p>\n<h3><strong>Ata\u00fades para adultos:<\/strong><\/h3>\n<p>Ofrecemos una variedad de ata\u00fades y contenedores alternativos. Nuestros precios de ata\u00fad var\u00edan de $ 800 a $ 38,000. Nuestros contenedores alternativos (para cremaci\u00f3n) cuestan $ 150. Nuestra funeraria puede proporcionar una lista completa de precios de ata\u00fades.<\/p>\n<h3><strong>Contenedores Externos para Entierro:<\/strong><\/h3>\n<p>Ofrecemos una variedad de contenedores de entierro externos. Nuestros precios de Contenedor de entierro externo var\u00edan de $ 1,250 a $ 25,000. Nuestra funeraria puede proporcionar una lista completa de precios de Contenedor de Entierro Externo.<\/p>\n<p>Un director de funeral est\u00e1 disponible para hablar con usted y responder sus preguntas las 24 horas del d\u00eda. Si ha ocurrido una muerte o para la planificaci\u00f3n del funeral, ll\u00e1menos al\u00a0<a href=\"tel:3234691181\">(323) 469-1181<\/a> o sin cargo: <a href=\"tel:8667064826\">(866) 706-4826<\/a>.<\/p>\n","protected":false},"excerpt":{"rendered":"<p>Ya sea que alguien que amas haya fallecido o que est\u00e9s buscando arreglos seguros para el futuro, elegir servicios funerarios y mercader\u00eda puede ser abrumador. Nuestros consejeros amables y expertos [&#8230;]<\/p>\n<p><a class=\"btn btn-secondary understrap-read-more-link\" href=\"https:\/\/hollywoodforever.com\/es\/funeral-home\/bienes-y-servicios\/\">Leer m\u00e1s&#8230;<\/a><\/p>\n","protected":false},"author":3,"featured_media":30512,"parent":29823,"menu_order":0,"comment_status":"closed","ping_status":"closed","template":"page-templates\/page-full.php","meta":{"_acf_changed":false,"footnotes":""},"class_list":["post-30518","page","type-page","status-publish","has-post-thumbnail","hentry"],"acf":[],"jetpack_sharing_enabled":true,"_links":{"self":[{"href":"https:\/\/hollywoodforever.com\/es\/wp-json\/wp\/v2\/pages\/30518","targetHints":{"allow":["GET"]}}],"collection":[{"href":"https:\/\/hollywoodforever.com\/es\/wp-json\/wp\/v2\/pages"}],"about":[{"href":"https:\/\/hollywoodforever.com\/es\/wp-json\/wp\/v2\/types\/page"}],"author":[{"embeddable":true,"href":"https:\/\/hollywoodforever.com\/es\/wp-json\/wp\/v2\/users\/3"}],"replies":[{"embeddable":true,"href":"https:\/\/hollywoodforever.com\/es\/wp-json\/wp\/v2\/comments?post=30518"}],"version-history":[{"count":0,"href":"https:\/\/hollywoodforever.com\/es\/wp-json\/wp\/v2\/pages\/30518\/revisions"}],"up":[{"embeddable":true,"href":"https:\/\/hollywoodforever.com\/es\/wp-json\/wp\/v2\/pages\/29823"}],"wp:featuredmedia":[{"embeddable":true,"href":"https:\/\/hollywoodforever.com\/es\/wp-json\/wp\/v2\/media\/30512"}],"wp:attachment":[{"href":"https:\/\/hollywoodforever.com\/es\/wp-json\/wp\/v2\/media?parent=30518"}],"curies":[{"name":"wp","href":"https:\/\/api.w.org\/{rel}","templated":true}]}}