{"id":30018,"date":"2020-04-22T18:41:05","date_gmt":"2020-04-23T01:41:05","guid":{"rendered":"https:\/\/hollywoodforever.com\/?page_id=30018"},"modified":"2021-05-28T16:12:31","modified_gmt":"2021-05-28T23:12:31","slug":"asistencia-a-un-funeral-para-alguien-que-fallecio-de-covid-19","status":"publish","type":"page","link":"https:\/\/hollywoodforever.com\/es\/planificacion-funeraria-durante-covid-19-coronavirus\/asistencia-a-un-funeral-para-alguien-que-fallecio-de-covid-19\/","title":{"rendered":"Asistencia a un Funeral para alguien que Falleci\u00f3 de COVID-19"},"content":{"rendered":"<p><span style=\"font-weight: 400;\"><img decoding=\"async\" class=\"genericContentImage alignright wp-image-29872 size-full\" src=\"https:\/\/hollywoodforever.com\/wp-content\/uploads\/2020\/04\/West_South_window.jpg\" alt=\"\" width=\"1717\" height=\"2560\" title=\"\">Es importante mantenerse actualizado con la nueva informaci\u00f3n que comparten los Centros para el Control y la Prevenci\u00f3n de Enfermedades (CDC). Si tienes preguntas sobre los funerales de quienes han fallecido debido al COVID-19, visita la<\/span><a href=\"https:\/\/www.cdc.gov\/coronavirus\/2019-ncov\/community\/tribal\/faq-burial-practice.html\" target=\"_blank\" rel=\"noopener\"> <span style=\"font-weight: 400;\">secci\u00f3n de Preguntas y Respuestas del sitio web de la CDC<\/span><\/a><span style=\"font-weight: 400;\">. Algunas preguntas que puedes tener pueden ser:<\/span><\/p>\n<ul>\n<li style=\"font-weight: 400;\"><span style=\"font-weight: 400;\">\u00bfEstoy en riesgo de contraer el virus si asisto a un funeral o ceremonia de alguien que falleci\u00f3 por COVID-19?<\/span><\/li>\n<\/ul>\n<p><span style=\"font-weight: 400;\">Actualmente no existe un riesgo conocido asociado con estar en la misma habitaci\u00f3n de un funeral o servicio de visitas con el cuerpo de alguien que falleci\u00f3 de COVID-19. Cualquiera que est\u00e9 enfermo debe permanecer en casa. Estas acciones ayudan a evitar que las personas se enfermen y ayudan a detener la propagaci\u00f3n del virus. Para obtener m\u00e1s informaci\u00f3n, visite la<\/span><a href=\"https:\/\/www.cdc.gov\/coronavirus\/2019-ncov\/community\/tribal\/faq-burial-practice.html\" target=\"_blank\" rel=\"noopener\"> <span style=\"font-weight: 400;\">secci\u00f3n de Preguntas y Respuestas del sitio web de la CDC<\/span><\/a><span style=\"font-weight: 400;\">.<\/span><\/p>\n<ul>\n<li style=\"font-weight: 400;\"><span style=\"font-weight: 400;\">\u00bfEstoy en riesgo de contraer el virus si toco a alguien despu\u00e9s que falleci\u00f3 por COVID-19?<\/span><\/li>\n<\/ul>\n<p><span style=\"font-weight: 400;\">Debes evitar tocar el cuerpo de alguien que haya fallecido por COVID-19, antes de que el cuerpo est\u00e9 preparado para su visualizaci\u00f3n. Despu\u00e9s de cualquier contacto con el cuerpo, aseg\u00farate de lavarte las manos con agua y jab\u00f3n durante al menos 20 segundos. Si no hay agua y jab\u00f3n disponibles, usa un desinfectante para manos que contenga al menos 60% de alcohol. Para obtener m\u00e1s informaci\u00f3n, visita la<\/span><a href=\"https:\/\/www.cdc.gov\/coronavirus\/2019-ncov\/community\/tribal\/faq-burial-practice.html\" target=\"_blank\" rel=\"noopener\"> <span style=\"font-weight: 400;\">secci\u00f3n de Preguntas y Respuestas del sitio web de la CDC<\/span><\/a><span style=\"font-weight: 400;\">.<\/span><\/p>\n<h3><b>Qu\u00e9 debo hacer cuando un servicio funeral se retrasa o no es una opci\u00f3n<\/b><\/h3>\n<p><span style=\"font-weight: 400;\">Entendemos que puede ser sumamente dif\u00edcil aceptar que una celebraci\u00f3n para un ser querido no sea posible actualmente o que un servicio se haya retrasado hasta nuevo aviso. En Hollywood Forever Cemetery, estamos dedicados a ayudarte lo mejor que podamos. An\u00edmate al saber que una vez que sea seguro para ti y tus seres queridos reunirse, tendr\u00e1s muchas opciones de servicios conmemorativos. Puedes comenzar a planificar en cualquier momento con nuestro personal funerario, ya sea que desees un servicio m\u00e1s tradicional o una reuni\u00f3n m\u00e1s peque\u00f1a con tus familiares y amigos m\u00e1s cercanos.<\/span><\/p>\n<h3><b><i>Planeaci\u00f3n para el servicio conmemorativo<\/i><\/b><\/h3>\n<p><span style=\"font-weight: 400;\">Debido a la pandemia, es posible que no puedas planificar tu servicio conmemorativo preferido. En este caso, te alentamos a planificar un servicio m\u00e1s tradicional a realizarse en una fecha posterior, cuando se eliminen las restricciones de los CDC. Retrasar un servicio conmemorativo puede ser dif\u00edcil, pero tambi\u00e9n puede tener ventajas.<\/span><\/p>\n<p><span style=\"font-weight: 400;\">Usualmente, los servicios funerarios se planifican durante el tiempo inmediatamente posterior a la p\u00e9rdida de un ser querido. Planificar un servicio conmemorativo semanas o meses despu\u00e9s de la muerte de tu ser querido puede permitirte el tiempo que necesitas para crear un servicio que sea realmente significativo. El tiempo adicional tambi\u00e9n permitir\u00e1 que asistan amigos y familiares que podr\u00edan no haber podido debido a la distancia o compromisos anteriores.<\/span><\/p>\n<p><span style=\"font-weight: 400;\">Existen diversas formas de hacer que el servicio de tu ser querido sea significativo. Hollywood Forever Cemetery est\u00e1 aqu\u00ed para ayudarte a tomar estas decisiones.<\/span><\/p>\n<h3><strong><img decoding=\"async\" class=\"genericContentImage alignright wp-image-29870 size-full\" src=\"https:\/\/hollywoodforever.com\/wp-content\/uploads\/2020\/04\/Hollywood-Forever-July-31st-2018-Dan-Arnold-Photo-46.jpg\" alt=\"\" width=\"2560\" height=\"2207\" title=\"\">Algunas ideas de servicios conmemorativos pueden incluir:<\/strong><\/h3>\n<ul>\n<li style=\"font-weight: 400;\"><span style=\"font-weight: 400;\">Visualizaci\u00f3n de fotograf\u00edas o recuerdos.<\/span><\/li>\n<li style=\"font-weight: 400;\"><span style=\"font-weight: 400;\">Reproducir pel\u00edculas o videos caseros.<\/span><\/li>\n<li style=\"font-weight: 400;\"><span style=\"font-weight: 400;\">Invitar a un miembro del clero u oficiante a dar el servicio.<\/span><\/li>\n<li style=\"font-weight: 400;\"><span style=\"font-weight: 400;\">Reproducir m\u00fasica, ya sea la canci\u00f3n favorita de tu ser querido o un himno preferido.<\/span><\/li>\n<li style=\"font-weight: 400;\"><span style=\"font-weight: 400;\">Solicitar a familiares o amigos que lean el texto preferido del difunto.<\/span><\/li>\n<li style=\"font-weight: 400;\"><span style=\"font-weight: 400;\">Invitar a los asistentes a compartir una an\u00e9cdota divertida sobre tu ser querido.<\/span><\/li>\n<li style=\"font-weight: 400;\"><span style=\"font-weight: 400;\">Ofrecer bebidas o comida que tu ser querido disfrutaba.<\/span><\/li>\n<\/ul>\n<h3><b><i>Autocuidado y Contacto<\/i><\/b><\/h3>\n<p><span style=\"font-weight: 400;\">Durante estos tiempos complicados, mantenerse en contacto con tus amigos y practicar el cuidado personal nunca ha sido tan importante. Si bien puede pasar alg\u00fan tiempo para que puedas encontrar consuelo a trav\u00e9s de una reuni\u00f3n con tus amigos y familiares, a\u00fan debes ser cuidadoso contigo mismo a medida que comienza el proceso de duelo.<\/span><\/p>\n<h3><span style=\"font-weight: 400;\">Algunas ideas de autocuidado y contacto incluyen:<\/span><\/h3>\n<ul>\n<li style=\"font-weight: 400;\"><b>Publicar sobre la muerte de tu ser querido en las redes sociales.<\/b><span style=\"font-weight: 400;\"> Invita a amigos y familiares a publicar sus historias, fotos y recuerdos que compartieron con el fallecido.<\/span><\/li>\n<li style=\"font-weight: 400;\"><b>Publicar un obituario en el peri\u00f3dico local.<\/b><span style=\"font-weight: 400;\"> Si bien esta es una tradici\u00f3n m\u00e1s antigua, ver un reconocimiento de la vida de tu ser querido en tinta puede proporcionar una sensaci\u00f3n de comodidad y cierre.<\/span><\/li>\n<li style=\"font-weight: 400;\"><b>Escribir sobre la incre\u00edble vida de tu ser querido.<\/b><span style=\"font-weight: 400;\"> Env\u00eda esto a amigos y familiares mientras los invitas a responder con sus propias historias.<\/span><\/li>\n<li style=\"font-weight: 400;\"><b>Mantenerse en contacto con amigos y familiares mediante una llamada telef\u00f3nica o una videoconferencia.<\/b><span style=\"font-weight: 400;\"> A las personas m\u00e1s cercanas a ti les encantar\u00e1 verte y escucharte. Hablar abiertamente sobre tu p\u00e9rdida mientras celebras la vida puede ser una poderosa herramienta de curaci\u00f3n.<\/span><\/li>\n<li style=\"font-weight: 400;\"><b>Escribir en un diario.<\/b><span style=\"font-weight: 400;\"> Esta expresi\u00f3n privada de tus sentimientos y pensamientos te ayudar\u00e1 a procesar la experiencia de duelo. Si\u00e9ntete libre de compartirlo con otros si eso es algo con lo que te sientes c\u00f3modo.<\/span><\/li>\n<\/ul>\n<h3><b>Apoyar a los seres queridos cuando un servicio funerario no es posible<\/b><\/h3>\n<p><span style=\"font-weight: 400;\"><img decoding=\"async\" class=\"genericContentImage alignright wp-image-29876 size-full\" src=\"https:\/\/hollywoodforever.com\/wp-content\/uploads\/2020\/04\/shhh.jpg\" alt=\"\" width=\"2560\" height=\"1827\" title=\"\">Los servicios funerarios permiten que los seres queridos se ofrezcan apoyo mutuo. Entendemos que el no poder tener un funeral o un servicio conmemorativo durante estos tiempos sin precedentes puede ser una realidad muy dif\u00edcil de enfrentar. Sin embargo, todav\u00eda existen formas de apoyar a tus amigos y familiares, incluso a distancia.<\/span><\/p>\n<ul>\n<li style=\"font-weight: 400;\"><b>Ponte en contacto frecuentemente.<\/b><span style=\"font-weight: 400;\"> Env\u00eda un mensaje de texto. Haz una llamada. Inicia una videollamada. El duelo usualmente se siente muy aislado, un sentimiento que se magnifica enormemente a medida que las personas se mantienen alejadas entre s\u00ed. Mantenerse conectado y contactar a los seres queridos marca la diferencia. Preg\u00fantales c\u00f3mo les va o simplemente si\u00e9ntate en silencio.<\/span><\/li>\n<li style=\"font-weight: 400;\"><b>Dona a una organizaci\u00f3n ben\u00e9fica o causa en la que el difunto cre\u00eda firmemente.<\/b><span style=\"font-weight: 400;\"> Puedes elegir donar a nombre de tu ser querido y luego contactar a la familia con una nota personal para informarles sobre la donaci\u00f3n.<\/span><\/li>\n<li style=\"font-weight: 400;\"><b>Puedes enviar una tarjeta de p\u00e9same.<\/b><span style=\"font-weight: 400;\"> Incluye una nota personal con un recuerdo que tengas del difunto. Cuenta una historia divertida o simplemente hazles saber cu\u00e1nto significaba esta persona para ti.<\/span><\/li>\n<li style=\"font-weight: 400;\"><b>Planea para el futuro.<\/b><span style=\"font-weight: 400;\"> Todos necesitamos algo que anhelar. Ofrece invitar a los amigos o familiares del difunto a una cena de celebraci\u00f3n una vez que lo permitan las normas de distanciamiento social.<\/span><\/li>\n<li style=\"font-weight: 400;\"><b>Pide comida a domicilio.<\/b><span style=\"font-weight: 400;\"> Planear una comida puede ser dif\u00edcil cuando se vive en una niebla de duelo. Alivia un poco la presi\u00f3n de tu amigo o familiar haciendo que le env\u00eden alimentos que sabes que les encantan. Tambi\u00e9n puedes enviar una comida que el difunto amaba como una forma de honrar su vida.<\/span><\/li>\n<\/ul>\n\n\t\t<div class=\"onlineQuote\">\n\t\t\t\t\t<hr class=\"filigree\" \/>\n\t\t\t\t<a class=\"getQuote onlineQuoteButton\" href=\"#\" target=\"_self\"><span class=\"label\">COMIENCE A REALIZAR SUS ARREGLOS EN L\u00cdNEA<\/span><\/a>\n<!--\t\t<a class=\"getQuote onlineQuoteButton\" data-type=\"iframe\" href=\"https:\/\/hollywoodforever.com\/get-a-custom-price-quote\/\" target=\"_self\" data-fancybox><span class=\"label\">BEGIN MAKING ARRANGEMENTS ONLINE<\/span><\/a> -->\n\t\t<p><span >O hable con un consejero de planificaci\u00f3n familiar, disponible 24\/7.<\/span><\/p>\n\t\t<p class=\"onlineQuotePhone\"><span><a href=\"tel:3234691181\">(323) 469-1181<\/a><\/span><\/p>\n\t\t<p><span class=\"pricing\">or <a href=\"\/funeral-home\/pricing\" >Haga clic aqu\u00ed para ver nuestros Planes y Precios<\/a><\/span><\/p>\n\t\t\t<\/div>\n\t\n","protected":false},"excerpt":{"rendered":"<p>Es importante mantenerse actualizado con la nueva informaci\u00f3n que comparten los Centros para el Control y la Prevenci\u00f3n de Enfermedades (CDC). Si tienes preguntas sobre los funerales de quienes han [&#8230;]<\/p>\n<p><a class=\"btn btn-secondary understrap-read-more-link\" href=\"https:\/\/hollywoodforever.com\/es\/planificacion-funeraria-durante-covid-19-coronavirus\/asistencia-a-un-funeral-para-alguien-que-fallecio-de-covid-19\/\">Leer m\u00e1s&#8230;<\/a><\/p>\n","protected":false},"author":3,"featured_media":0,"parent":30013,"menu_order":0,"comment_status":"closed","ping_status":"closed","template":"","meta":{"_acf_changed":false,"footnotes":""},"class_list":["post-30018","page","type-page","status-publish","hentry"],"acf":[],"jetpack_sharing_enabled":true,"_links":{"self":[{"href":"https:\/\/hollywoodforever.com\/es\/wp-json\/wp\/v2\/pages\/30018","targetHints":{"allow":["GET"]}}],"collection":[{"href":"https:\/\/hollywoodforever.com\/es\/wp-json\/wp\/v2\/pages"}],"about":[{"href":"https:\/\/hollywoodforever.com\/es\/wp-json\/wp\/v2\/types\/page"}],"author":[{"embeddable":true,"href":"https:\/\/hollywoodforever.com\/es\/wp-json\/wp\/v2\/users\/3"}],"replies":[{"embeddable":true,"href":"https:\/\/hollywoodforever.com\/es\/wp-json\/wp\/v2\/comments?post=30018"}],"version-history":[{"count":0,"href":"https:\/\/hollywoodforever.com\/es\/wp-json\/wp\/v2\/pages\/30018\/revisions"}],"up":[{"embeddable":true,"href":"https:\/\/hollywoodforever.com\/es\/wp-json\/wp\/v2\/pages\/30013"}],"wp:attachment":[{"href":"https:\/\/hollywoodforever.com\/es\/wp-json\/wp\/v2\/media?parent=30018"}],"curies":[{"name":"wp","href":"https:\/\/api.w.org\/{rel}","templated":true}]}}