{"id":30016,"date":"2020-04-22T18:33:45","date_gmt":"2020-04-23T01:33:45","guid":{"rendered":"https:\/\/hollywoodforever.com\/?page_id=30016"},"modified":"2021-05-28T16:13:08","modified_gmt":"2021-05-28T23:13:08","slug":"opciones-funerarias-durante-covid-19","status":"publish","type":"page","link":"https:\/\/hollywoodforever.com\/es\/planificacion-funeraria-durante-covid-19-coronavirus\/opciones-funerarias-durante-covid-19\/","title":{"rendered":"Opciones funerarias durante COVID-19"},"content":{"rendered":"<p><span style=\"font-weight: 400;\"><img decoding=\"async\" class=\"genericContentImage alignright wp-image-29858 size-full\" src=\"https:\/\/hollywoodforever.com\/wp-content\/uploads\/2020\/04\/South_West_Window.jpg\" alt=\"\" width=\"1679\" height=\"2560\" title=\"\">Hollywood Forever Cemetery est\u00e1 comprometido a ayudarte a honrar profundamente a tu ser querido al mismo tiempo que garantizamos la salud y la seguridad de quienes asisten. Si no es posible llevar a cabo un funeral durante este tiempo cuando la asistencia es severamente limitada, todav\u00eda existen opciones disponibles para ti que pueden ser discutidas con uno de nuestros directores funerarios.<\/span><\/p>\n<h3><span style=\"font-weight: 400;\">Puedes elegir entre:<\/span><\/h3>\n<ul>\n<li style=\"font-weight: 400;\"><span style=\"font-weight: 400;\">Planear un servicio conmemorativo privado. La visita incluye relativos, amigos, or un miembro de clero. Guias de el n\u00famero de personas entre un grupo de visita cambian con las directivas del departamento de salud de el condado de Los \u00c1ngeles y del estado de California. Ya que el director de funeraria explique las nuevas gu\u00edas, ya podr\u00e1 planear un memorial m\u00e1s amplio en los d\u00edas futuros.\u00a0<\/span><\/li>\n<li style=\"font-weight: 400;\"><span style=\"font-weight: 400;\">Establecer un servicio conmemorativo privado y p\u00fablico para una fecha posterior. Si eliges esta opci\u00f3n, comun\u00edcate con el director de la funeraria sobre las opciones relacionadas con el entierro o la cremaci\u00f3n.<\/span><\/li>\n<li style=\"font-weight: 400;\"><span style=\"font-weight: 400;\">Invita a familiares y amigos a participar en una transmisi\u00f3n de video privada (a trav\u00e9s de Zoom) del servicio o crematorio, permitiendo que los invitados den sus condolencias y compartan un elogio personal con los otros asistentes y aquellos presentes en Hollywood Forever.<\/span><\/li>\n<\/ul>\n<p><span style=\"font-weight: 400;\">Entendemos que estas limitaciones son dif\u00edciles de aceptar. Recuerda que Hollywood Forever Cemetery est\u00e1 trabajando arduamente para garantizar tu salud y seguridad, la seguridad de tus invitados y nuestro personal, al mismo tiempo que te ofrece la oportunidad de despedirte de tu ser querido.<\/span><\/p>\n<h3><span style=\"font-weight: 400;\">Otros lineamientos aplicados en Hollywood Forever:<\/span><\/h3>\n<h3><b><i>Distanciamiento social<\/i><\/b><\/h3>\n<p><span style=\"font-weight: 400;\">Los espacios para asientos en el servicio se ajustar\u00e1n de acuerdo con las pautas de distanciamiento social de manera que los hu\u00e9spedes est\u00e9n alejados entre s\u00ed de manera segura. Entendemos que esto puede ser dif\u00edcil, pero alentamos a los invitados que se abstengan de abrazarse. Es natural querer ofrecer condolencias a trav\u00e9s de la interacci\u00f3n f\u00edsica, pero recuerda que estas pautas de salud son para la seguridad de todos.<\/span><\/p>\n<h3><b>Observaci\u00f3n en cuanto a los acuerdos financieros<\/b><\/h3>\n<p><span style=\"font-weight: 400;\"><img decoding=\"async\" class=\"genericContentImage alignleft wp-image-29860 size-full\" src=\"https:\/\/hollywoodforever.com\/wp-content\/uploads\/2020\/04\/Hollywood-Forever-Oct-4th-2018-55-1.jpg\" alt=\"\" width=\"2560\" height=\"1707\" title=\"\">Sabemos que puedes estar experimentando dificultades financieras debido a la pandemia de COVID-19, as\u00ed como muchos se han visto afectados por la p\u00e9rdida de empleo e ingresos. Por favor, te pedimos ser lo m\u00e1s abierto posible con tu director de la funeraria sobre tu situaci\u00f3n financiera actual. Haremos todo lo posible para trabajar dentro de tu presupuesto y ofrecer una celebraci\u00f3n de la vida a tu ser querido, al mismo tiempo que cumplimos con los lineamientos publicados anteriormente.<\/span><\/p>\n<p><span style=\"font-weight: 400;\">Recuerda que Hollywood Forever ofrece opciones de financiamiento a trav\u00e9s de una compa\u00f1\u00eda de financiamiento externa.<\/span><\/p>\n\n\t\t<div class=\"onlineQuote\">\n\t\t\t\t\t<hr class=\"filigree\" \/>\n\t\t\t\t<a class=\"getQuote onlineQuoteButton\" href=\"#\" target=\"_self\"><span class=\"label\">COMIENCE A REALIZAR SUS ARREGLOS EN L\u00cdNEA<\/span><\/a>\n<!--\t\t<a class=\"getQuote onlineQuoteButton\" data-fancybox data-type=\"iframe\" href=\"https:\/\/hollywoodforever.com\/get-a-custom-price-quote\/\" target=\"_self\"><span class=\"label\">BEGIN MAKING ARRANGEMENTS ONLINE<\/span><\/a> -->\n\t\t<p><span >O hable con un consejero de planificaci\u00f3n familiar, disponible 24\/7.<\/span><\/p>\n\t\t<p class=\"onlineQuotePhone\"><span><a href=\"tel:3234691181\">(323) 469-1181<\/a><\/span><\/p>\n\t\t<p><span class=\"pricing\">or <a href=\"\/funeral-home\/pricing\" >Haga clic aqu\u00ed para ver nuestros Planes y Precios<\/a><\/span><\/p>\n\t\t\t<\/div>\n\t\n","protected":false},"excerpt":{"rendered":"<p>Hollywood Forever Cemetery est\u00e1 comprometido a ayudarte a honrar profundamente a tu ser querido al mismo tiempo que garantizamos la salud y la seguridad de quienes asisten. Si no es [&#8230;]<\/p>\n<p><a class=\"btn btn-secondary understrap-read-more-link\" href=\"https:\/\/hollywoodforever.com\/es\/planificacion-funeraria-durante-covid-19-coronavirus\/opciones-funerarias-durante-covid-19\/\">Leer m\u00e1s&#8230;<\/a><\/p>\n","protected":false},"author":3,"featured_media":0,"parent":30013,"menu_order":0,"comment_status":"closed","ping_status":"closed","template":"page-templates\/page-full.php","meta":{"_acf_changed":false,"footnotes":""},"class_list":["post-30016","page","type-page","status-publish","hentry"],"acf":[],"jetpack_sharing_enabled":true,"_links":{"self":[{"href":"https:\/\/hollywoodforever.com\/es\/wp-json\/wp\/v2\/pages\/30016","targetHints":{"allow":["GET"]}}],"collection":[{"href":"https:\/\/hollywoodforever.com\/es\/wp-json\/wp\/v2\/pages"}],"about":[{"href":"https:\/\/hollywoodforever.com\/es\/wp-json\/wp\/v2\/types\/page"}],"author":[{"embeddable":true,"href":"https:\/\/hollywoodforever.com\/es\/wp-json\/wp\/v2\/users\/3"}],"replies":[{"embeddable":true,"href":"https:\/\/hollywoodforever.com\/es\/wp-json\/wp\/v2\/comments?post=30016"}],"version-history":[{"count":0,"href":"https:\/\/hollywoodforever.com\/es\/wp-json\/wp\/v2\/pages\/30016\/revisions"}],"up":[{"embeddable":true,"href":"https:\/\/hollywoodforever.com\/es\/wp-json\/wp\/v2\/pages\/30013"}],"wp:attachment":[{"href":"https:\/\/hollywoodforever.com\/es\/wp-json\/wp\/v2\/media?parent=30016"}],"curies":[{"name":"wp","href":"https:\/\/api.w.org\/{rel}","templated":true}]}}