{"id":30013,"date":"2020-04-22T18:28:24","date_gmt":"2020-04-23T01:28:24","guid":{"rendered":"https:\/\/hollywoodforever.com\/?page_id=30013"},"modified":"2021-05-28T16:11:11","modified_gmt":"2021-05-28T23:11:11","slug":"planificacion-funeraria-durante-covid-19","status":"publish","type":"page","link":"https:\/\/hollywoodforever.com\/es\/planificacion-funeraria-durante-covid-19-coronavirus\/","title":{"rendered":"Planificaci\u00f3n Funeraria durante COVID-19"},"content":{"rendered":"<p><span style=\"font-weight: 400;\" data-wp-editing=\"1\"><img decoding=\"async\" class=\"genericContentImage alignright wp-image-29845 size-full\" src=\"https:\/\/hollywoodforever.com\/wp-content\/uploads\/2020\/04\/West_Middle_familyalcove_window.jpg\" alt=\"\" width=\"1633\" height=\"2560\" title=\"\">Perder a un ser querido puede ser dif\u00edcil. Tu deseo de honrar una vida con un funeral tradicional o ceremonia conmemorativa es una forma saludable de ofrecer y recibir apoyo de amigos y familiares. Desafortunadamente, estos rituales de la vida est\u00e1n severamente limitados debido a la pandemia de COVID-19. El estr\u00e9s adicional de lidiar con una p\u00e9rdida durante este tiempo sin precedentes probablemente agravar\u00e1 tu dolor.<\/span><\/p>\n<p><span style=\"font-weight: 400;\">El personal y los consejeros compasivos de Hollywood Forever Cemetery est\u00e1n aqu\u00ed para ayudarte de la mejor manera posible en este momento dif\u00edcil. Nuestro compromiso de brindarle a tu ser querido una ceremonia significativa no ha cambiado aun con este evento global. Sin embargo, la pandemia de Coronavirus requiere que mantengamos nuestro compromiso de facilitar las reuniones conmemorativas al mismo tiempo que hacemos todo lo posible para aplanar la curva. Hemos aplicado muchos cuidados para garantizar la seguridad de nuestros asistentes, personal, clero y celebrantes.<\/span><\/p>\n<p><span style=\"font-weight: 400;\">Nos dedicamos a facilitar tu servicio conmemorativo al mismo tiempo que reducimos la posibilidad de propagar a\u00fan m\u00e1s el virus. Independientemente de la causa de la muerte, si est\u00e1s organizando un funeral durante esta crisis sanitaria, recuerda que estamos siguiendo los lineamientos recomendados por la Organizaci\u00f3n Mundial de la Salud (OMS), los Centros para el Control y la Prevenci\u00f3n de Enfermedades (CDC), Departamento de California de Salud P\u00fablica, Departamento de Salud de Los \u00c1ngeles y Forense del Condado de Los \u00c1ngeles.<\/span><\/p>\n<p><span style=\"font-weight: 400;\">Con base en estas recomendaciones:<\/span><\/p>\n<p><span style=\"font-weight: 400;\">Hollywood Forever es temporalmente incapaz de llevar a cabo funerales tradicionales y reuniones conmemorativas.<\/span><\/p>\n<ul>\n<li style=\"font-weight: 400;\"><span style=\"font-weight: 400;\">Estamos ajustando nuestros servicios y n\u00famero de invitados en respecto de los nuevos lineamientos de parte del departamento de salud del Condado de Los \u00c1ngeles y departe del estado de California. Porque estas gu\u00edas cambian bastante, el director de funeraria explicar\u00e1 las nuevas gu\u00edas.\u00a0<\/span><\/li>\n<li style=\"font-weight: 400;\"><span style=\"font-weight: 400;\">Reconocemos que estas limitaciones ser\u00e1n dif\u00edciles para aquellos que est\u00e1n sufriendo la p\u00e9rdida de un ser querido, pero les pedimos paciencia y comprensi\u00f3n durante este desafortunado momento. Haremos todo lo posible para ayudar a comprender las opciones disponibles para honrar la vida de tu ser querido, mientras mantenemos a los involucrados lo m\u00e1s seguros posible.<\/span><\/li>\n<\/ul>\n<p><span style=\"font-weight: 400;\">Las consideraciones adicionales son:<\/span><\/p>\n<ul>\n<li style=\"font-weight: 400;\"><span style=\"font-weight: 400;\">Los servicios se llevar\u00e1n a cabo en la tumba o en las \u00e1reas adyacentes al crematorio, dependiendo del rito que se elija.<\/span><\/li>\n<li style=\"font-weight: 400;\"><span style=\"font-weight: 400;\">Se proporcionar\u00e1 asistencia v\u00eda video (a trav\u00e9s de ZOOM) para hasta cien familiares y amigos.<\/span><\/li>\n<li style=\"font-weight: 400;\"><span style=\"font-weight: 400;\">Los lineamientos de distanciamiento social aplican a todos los arreglos y servicios reducidos, con seis pies de espacio entre todas las partes presentes.<\/span><\/li>\n<\/ul>\n<h3><b>Expectativas para organizar un Funeral durante COVID-19 (Coronavirus)<\/b><\/h3>\n<p><span style=\"font-weight: 400;\"><img decoding=\"async\" class=\"genericContentImage alignleft wp-image-29850 size-full\" src=\"https:\/\/hollywoodforever.com\/wp-content\/uploads\/2020\/04\/Hollywood-Forever-Oct-4th-2018-95.jpg\" alt=\"\" width=\"2560\" height=\"1707\" title=\"\">Hollywood Forever Cemetery est\u00e1 aqu\u00ed para ayudarte. Ya sea que est\u00e9s planeando un servicio peque\u00f1o y acortado que cumpla con las restricciones actuales, o que est\u00e9s organizando una reuni\u00f3n m\u00e1s grande en el futuro, recuerda que tomaremos precauciones adicionales para garantizar la seguridad de todas las partes involucradas.<\/span><\/p>\n<ul>\n<li style=\"font-weight: 400;\"><span style=\"font-weight: 400;\">Nuestros directores pueden llevar a cabo la organizaci\u00f3n contigo por tel\u00e9fono, videoconferencia (ZOOM) y computadora.<\/span><\/li>\n<li style=\"font-weight: 400;\"><span style=\"font-weight: 400;\">Por tu seguridad, si necesitas proporcionarnos ropa para el fallecido o cualquier papeleo, se te pedir\u00e1 que te laves las manos en las estaciones que hemos instalado en todo el parque. Nuestros directores y personal funerario se abstendr\u00e1n de estrechar la mano y mantendr\u00e1n requisitos de distanciamiento social de al menos seis pies en todo momento.<\/span><\/li>\n<li style=\"font-weight: 400;\"><span style=\"font-weight: 400;\">Nuestros directores te informar\u00e1n sobre cualquier cambio en los mandatos y recomendaciones federales, estatales y locales (incluyendo los enumerados anteriormente) que puedan afectar tus arreglos del funeral, entierro y cremaci\u00f3n.<\/span><\/li>\n<\/ul>\n<p><span style=\"font-weight: 400;\">Si tu ser querido falleci\u00f3 debido a las complicaciones de COVID-19, nuestros directores compasivos y afectuosos tomar\u00e1n las precauciones adicionales necesarias al preparar al fallecido. Si eliges embalsamar a tu ser querido, comun\u00edcate con tu director de funeraria sobre las reglas que Hollywood Forever aplicar\u00e1.<\/span><\/p>\n<h3><b>Preguntas para tu Director de Funeral durante COVID-19 (Coronavirus)<\/b><\/h3>\n<h3><b><i><img decoding=\"async\" class=\"genericContentImage alignright wp-image-29852 size-full\" src=\"https:\/\/hollywoodforever.com\/wp-content\/uploads\/2020\/04\/HFcemetary_50cmprs.jpg\" alt=\"\" width=\"1707\" height=\"2560\" title=\"\">No puedo tener la conmemoraci\u00f3n que quiero durante este tiempo. \u00bfCu\u00e1les son mis opciones para el futuro?<\/i><\/b><\/h3>\n<p><span style=\"font-weight: 400;\">Tan pronto como se levanten los lineamientos anteriores, las familias tendr\u00e1n hasta un a\u00f1o para programar conmemoraciones aseguradas que se hayan pospuesto. Alentamos a todas las familias a reprogramar sus servicios conmemorativos hasta cuando se les permita de nuevo.<\/span><\/p>\n<h3><b><i>\u00bfHollywood Forever Cemetery ofrece servicios de transmisi\u00f3n web?<\/i><\/b><\/h3>\n<p><span style=\"font-weight: 400;\">Hollywood Forever ofrece videoconferencias a trav\u00e9s de Zoom para servicios de incineraci\u00f3n y cremaci\u00f3n. El proceso es f\u00e1cil y los asistentes recibir\u00e1n instrucciones sencillas. La filmaci\u00f3n y la transmisi\u00f3n a trav\u00e9s de Zoom se ofrece como un servicio gratuito durante estos tiempos.<\/span><\/p>\n<h3><b><i>\u00bfQu\u00e9 pasos est\u00e1 tomando Hollywood Forever Cemetery para limitar mi exposici\u00f3n al coronavirus (COVID-19)?<\/i><\/b><\/h3>\n<p><span style=\"font-weight: 400;\">\u00a0Ten en cuenta que el personal esencial del funeral y cementerio usar\u00e1 equipo de protecci\u00f3n personal, incluyendo mascarillas faciales y guantes, adem\u00e1s de cualquier otro equipo de protecci\u00f3n personal recomendado por la Organizaci\u00f3n Mundial de la Salud (OMS), Centros para el Control y Prevenci\u00f3n de Enfermedades (CDC), Administraci\u00f3n de Seguridad y Salud Ocupacional (OSHA) y la Asociaci\u00f3n Nacional de Directores Funerarios (NFDA). Nuestro personal de entierro tambi\u00e9n usa ropa y equipo de protecci\u00f3n.<\/span><\/p>\n<p>&nbsp;<\/p>\n<h3><b><i>Mi ser querido falleci\u00f3 de coronavirus (COVID-19). \u00bfDeber\u00eda preocuparme por asistir a su funeral?<\/i><\/b><\/h3>\n<p><span style=\"font-weight: 400;\">Los lineamientos de la CDC actualmente establecen que \u00ablas personas deber\u00edan considerar no tocar el cuerpo de alguien que muri\u00f3 por COVID-19\u00bb. Sin embargo, el centro tambi\u00e9n afirma: \u00abActualmente no existe ning\u00fan riesgo conocido asociado con estar en la misma habitaci\u00f3n en un funeral o servicio con el cuerpo de alguien que muri\u00f3 de COVID-19\u00bb.<\/span><\/p>\n\n\t\t<div class=\"onlineQuote\">\n\t\t\t\t\t<hr class=\"filigree\" \/>\n\t\t\t\t<a class=\"getQuote onlineQuoteButton\" href=\"#\" target=\"_self\"><span class=\"label\">COMIENCE A REALIZAR SUS ARREGLOS EN L\u00cdNEA<\/span><\/a>\n<!--\t\t<a class=\"getQuote onlineQuoteButton\" data-fancybox data-type=\"iframe\" href=\"https:\/\/hollywoodforever.com\/get-a-custom-price-quote\/\" target=\"_self\"><span class=\"label\">BEGIN MAKING ARRANGEMENTS ONLINE<\/span><\/a> -->\n\t\t<p><span >O hable con un consejero de planificaci\u00f3n familiar, disponible 24\/7.<\/span><\/p>\n\t\t<p class=\"onlineQuotePhone\"><span><a href=\"tel:3234691181\">(323) 469-1181<\/a><\/span><\/p>\n\t\t<p><span class=\"pricing\">or <a href=\"\/funeral-home\/pricing\" >Haga clic aqu\u00ed para ver nuestros Planes y Precios<\/a><\/span><\/p>\n\t\t\t<\/div>\n\t\n","protected":false},"excerpt":{"rendered":"<p>Perder a un ser querido puede ser dif\u00edcil. Tu deseo de honrar una vida con un funeral tradicional o ceremonia conmemorativa es una forma saludable de ofrecer y recibir apoyo [&#8230;]<\/p>\n<p><a class=\"btn btn-secondary understrap-read-more-link\" href=\"https:\/\/hollywoodforever.com\/es\/planificacion-funeraria-durante-covid-19-coronavirus\/\">Leer m\u00e1s&#8230;<\/a><\/p>\n","protected":false},"author":3,"featured_media":0,"parent":0,"menu_order":0,"comment_status":"closed","ping_status":"closed","template":"page-templates\/page-full.php","meta":{"_acf_changed":false,"footnotes":""},"class_list":["post-30013","page","type-page","status-publish","hentry"],"acf":[],"jetpack_sharing_enabled":true,"_links":{"self":[{"href":"https:\/\/hollywoodforever.com\/es\/wp-json\/wp\/v2\/pages\/30013","targetHints":{"allow":["GET"]}}],"collection":[{"href":"https:\/\/hollywoodforever.com\/es\/wp-json\/wp\/v2\/pages"}],"about":[{"href":"https:\/\/hollywoodforever.com\/es\/wp-json\/wp\/v2\/types\/page"}],"author":[{"embeddable":true,"href":"https:\/\/hollywoodforever.com\/es\/wp-json\/wp\/v2\/users\/3"}],"replies":[{"embeddable":true,"href":"https:\/\/hollywoodforever.com\/es\/wp-json\/wp\/v2\/comments?post=30013"}],"version-history":[{"count":0,"href":"https:\/\/hollywoodforever.com\/es\/wp-json\/wp\/v2\/pages\/30013\/revisions"}],"wp:attachment":[{"href":"https:\/\/hollywoodforever.com\/es\/wp-json\/wp\/v2\/media?parent=30013"}],"curies":[{"name":"wp","href":"https:\/\/api.w.org\/{rel}","templated":true}]}}