{"id":29651,"date":"2020-03-31T12:04:55","date_gmt":"2020-03-31T19:04:55","guid":{"rendered":"https:\/\/hollywoodforever.com\/?page_id=29651"},"modified":"2020-04-20T23:15:11","modified_gmt":"2020-04-21T06:15:11","slug":"anuncio-coronavirus-covid-19","status":"publish","type":"page","link":"https:\/\/hollywoodforever.com\/es\/anuncio-coronavirus-covid-19\/","title":{"rendered":"Anuncio &#8211; Coronavirus (COVID-19)"},"content":{"rendered":"<p>Para Nuestra Communidad,<\/p>\n<p dir=\"ltr\">Hollywood Forever contin\u00faa modificando nuestros servicios para cumplir con las \u00f3rdenes del Departamento de Salud de Los \u00c1ngeles y el forense de Los \u00c1ngeles. Estas \u00f3rdenes est\u00e1n en su lugar para protegerlo a la vez que garantiza que nuestro equipo a\u00fan pueda ayudar a nuestra comunidad durante este tr\u00e1gico momento.<\/p>\n<p dir=\"ltr\">Nuestras pautas actualizadas son las siguientes:<\/p>\n<p dir=\"ltr\">Los terrenos de Hollywood Forever ahora est\u00e1n cerrados al p\u00fablico. Solo los propietarios y sus familiares en grupos de 3 o menos podr\u00e1n visitar el parque durante este tiempo. Desafortunadamente, el cierre de parques y senderos p\u00fablicos cre\u00f3 una tremenda asistencia al parque que ya no podemos mantener o permitir.<\/p>\n<p dir=\"ltr\">Todas las reuniones p\u00fablicas se suspenden por orden del Departamento de Salud. Seg\u00fan lo aclarado por el forense, esto incluye funerales, memoriales, servicios junto a la tumba, visitas y descubrimientos.<\/p>\n<p dir=\"ltr\">En este momento solo podemos ofrecer servicios esenciales de funeraria, cremaci\u00f3n y cementerio:<\/p>\n<p dir=\"ltr\">1. Estamos haciendo los arreglos finales por tel\u00e9fono y computadora.<\/p>\n<p dir=\"ltr\">2. Podemos traer a su ser querido a nuestro cuidado<\/p>\n<p dir=\"ltr\">3. Podemos ofrecer entierro directo o cremaci\u00f3n directa solamente (sin asistentes).<\/p>\n<p dir=\"ltr\">4. Podemos ofrecer la transmisi\u00f3n Zoom de algunos casos para que pueda presenciar por computadora.<\/p>\n<p dir=\"ltr\">5. Le pedimos que difiera todos los servicios conmemorativos. Honraremos cualquier arreglo de servicio conmemorativo pospuesto por hasta un a\u00f1o a partir de la fecha en que el Departamento de Salud rescinda estas \u00f3rdenes.<\/p>\n<p dir=\"ltr\">Nos disculpamos de antemano. Entendemos que muchos de ustedes no han podido ver a sus seres queridos desde que ingresaron en el hospital. Sin embargo, comprenda que debemos seguir las \u00f3rdenes del Departamento de Salud al igual que los hospitales. Haremos todo lo que est\u00e9 a nuestro alcance ahora y en el futuro para tratar a su ser querido con honor y respeto mientras le brindamos la oportunidad de cerrar.<\/p>\n<p>Si tiene alguna pregunta o inquietud, no dude en comunicarse con nosotros al\u00a0<a style=\"font-weight: inherit !important;\" href=\"tel:(323)%20469-1181\">(323) 469-1181<\/a>\u00a0o\u00a0<a style=\"font-weight: inherit !important;\" href=\"mailto:info@hollywoodforever.com\">info@hollywoodforever.com<\/a>.<\/p>\n","protected":false},"excerpt":{"rendered":"<p>Para Nuestra Communidad, Hollywood Forever contin\u00faa modificando nuestros servicios para cumplir con las \u00f3rdenes del Departamento de Salud de Los \u00c1ngeles y el forense de Los \u00c1ngeles. Estas \u00f3rdenes est\u00e1n [&#8230;]<\/p>\n<p><a class=\"btn btn-secondary understrap-read-more-link\" href=\"https:\/\/hollywoodforever.com\/es\/anuncio-coronavirus-covid-19\/\">Leer m\u00e1s&#8230;<\/a><\/p>\n","protected":false},"author":10,"featured_media":0,"parent":0,"menu_order":0,"comment_status":"closed","ping_status":"closed","template":"page-templates\/page-full.php","meta":{"_acf_changed":false,"footnotes":""},"class_list":["post-29651","page","type-page","status-publish","hentry"],"acf":[],"jetpack_sharing_enabled":true,"_links":{"self":[{"href":"https:\/\/hollywoodforever.com\/es\/wp-json\/wp\/v2\/pages\/29651","targetHints":{"allow":["GET"]}}],"collection":[{"href":"https:\/\/hollywoodforever.com\/es\/wp-json\/wp\/v2\/pages"}],"about":[{"href":"https:\/\/hollywoodforever.com\/es\/wp-json\/wp\/v2\/types\/page"}],"author":[{"embeddable":true,"href":"https:\/\/hollywoodforever.com\/es\/wp-json\/wp\/v2\/users\/10"}],"replies":[{"embeddable":true,"href":"https:\/\/hollywoodforever.com\/es\/wp-json\/wp\/v2\/comments?post=29651"}],"version-history":[{"count":0,"href":"https:\/\/hollywoodforever.com\/es\/wp-json\/wp\/v2\/pages\/29651\/revisions"}],"wp:attachment":[{"href":"https:\/\/hollywoodforever.com\/es\/wp-json\/wp\/v2\/media?parent=29651"}],"curies":[{"name":"wp","href":"https:\/\/api.w.org\/{rel}","templated":true}]}}