{"id":19617,"date":"2018-09-26T14:06:02","date_gmt":"2018-09-26T21:06:02","guid":{"rendered":"https:\/\/hollywoodforever.com\/dia-de-los-muertos-at-hollywood-forever\/"},"modified":"2020-03-12T14:34:16","modified_gmt":"2020-03-12T21:34:16","slug":"dia-de-los-muertos-en-hollywood-forever","status":"publish","type":"page","link":"https:\/\/hollywoodforever.com\/es\/dia-de-los-muertos-at-hollywood-forever\/","title":{"rendered":"Dia de los Muertos en Hollywood Forever"},"content":{"rendered":"<p>Cada a\u00f1o en el \u00faltimo s\u00e1bado antes del 2 de noviembre, Hollywood Forever recibe a la comunidad en sus jardines para celebrar el D\u00eda de Muertos &#8211; the Day of the Dead. El D\u00eda de Muertos es una de las celebraciones m\u00e1s representativas de M\u00e9xico, que re\u00fane y honra a los amados ancestros, familia y amigos. Se cree que en el D\u00eda de Muertos, los vivos convives con los que ya fallecieron \u2013 es un momento m\u00edstico en el que el velo se levanta entre los dos reinos, para que se pueda convivir en conjunto.<\/p>\n<p>En Hollywood Forever, participantes de todo el mundo, muchos de ellos en disfraces, pasan un d\u00eda \u00fanico y memorable. El cementerio cobra vida con celebraciones alegres, mientras que una vibrante procesi\u00f3n con cientos de bailarines Aztecas se mueven por el cementerio.<\/p>\n<p>M\u00e1s de 100 altares, creados por los miembros de la comunidad en memoria de sus ancestros y seres queridos, decoran el lugar. Shows musicales de artistas ganadores de Grammys entretienen en cinco diferentes escenarios. Una exhibici\u00f3n de arte en el Mausoleo Catedral muestra cientos de piezas originales. Vendedores de comida de Los \u00c1ngeles, artesan\u00edas y un \u00e1rea de proyectos de arte para ni\u00f1os complementan la experiencia.<\/p>\n<p>Al final del d\u00eda, los jueces eligen a la mejor Catrina, as\u00ed como a los altares m\u00e1s memorables.<\/p>\n<p>\u00a1Es verdaderamente una experiencia inolvidable!<\/p>\n<p>Descubra m\u00e1s sobre nuestra pr\u00f3xima celebraci\u00f3n de\u00a0<a href=\"https:\/\/www.ladayofthedead.com\/\" target=\"_blank\" rel=\"noopener noreferrer\">D\u00eda de Los Muertos<\/a>.<\/p>\n<h3>La historia del D\u00eda de Los Muertos en Hollywood Forever<\/h3>\n<p>En el D\u00eda de Los Muertos, la tradici\u00f3n cuenta que los muertos regresan a la tierra para visitar a sus familiares. Ofrendas y altares se crean para recibirlos y conmemorarlos. Una profusi\u00f3n de velas termina con la oscuridad, para iluminar las almas de las sombras de la muerte. Los alteres se crean con fotograf\u00edas, objetos personales, fruta, pan y las cosas favoritas de los difuntos, para que se sientan bienvenidos y honrados.<\/p>\n<p>El D\u00eda de los Muertos en Hollywood Forever fue creado para proveer una locaci\u00f3n aut\u00e9ntica, en la que esta tradici\u00f3n ancestral pudiese ser observada y celebrada de forma genuina. Hollywood Forever es casa del parque memorial m\u00e1s antiguo de Hollywood, remont\u00e1ndose a 1899, y tambi\u00e9n auspicia la celebraci\u00f3n de D\u00eda de Muertos m\u00e1s grande en Estados Unidos.<\/p>\n<p>Hollywood Forever se enfoca genuinamente en ofrecer una ocasi\u00f3n memorable al adoptar el proceso de celebraci\u00f3n de la muerte al proveer un ambiente aut\u00e9ntico cultural para esta festividad y su observaci\u00f3n sagrada.<\/p>\n<p>Descubra m\u00e1s sobre el\u00a0<a href=\"https:\/\/www.ladayofthedead.com\/\" target=\"_blank\" rel=\"noopener noreferrer\">D\u00eda de Los Muertos<\/a>\u00a0en Hollywood Forever.<\/p>\n","protected":false},"excerpt":{"rendered":"<p>Cada a\u00f1o en el \u00faltimo s\u00e1bado antes del 2 de noviembre, Hollywood Forever recibe a la comunidad en sus jardines para celebrar el D\u00eda de Muertos &#8211; the Day of [&#8230;]<\/p>\n<p><a class=\"btn btn-secondary understrap-read-more-link\" href=\"https:\/\/hollywoodforever.com\/es\/dia-de-los-muertos-at-hollywood-forever\/\">Leer m\u00e1s&#8230;<\/a><\/p>\n","protected":false},"author":1,"featured_media":15745,"parent":0,"menu_order":220,"comment_status":"closed","ping_status":"closed","template":"page-templates\/page-right.php","meta":{"_acf_changed":false,"footnotes":""},"class_list":["post-19617","page","type-page","status-publish","has-post-thumbnail","hentry"],"acf":[],"jetpack_sharing_enabled":true,"_links":{"self":[{"href":"https:\/\/hollywoodforever.com\/es\/wp-json\/wp\/v2\/pages\/19617","targetHints":{"allow":["GET"]}}],"collection":[{"href":"https:\/\/hollywoodforever.com\/es\/wp-json\/wp\/v2\/pages"}],"about":[{"href":"https:\/\/hollywoodforever.com\/es\/wp-json\/wp\/v2\/types\/page"}],"author":[{"embeddable":true,"href":"https:\/\/hollywoodforever.com\/es\/wp-json\/wp\/v2\/users\/1"}],"replies":[{"embeddable":true,"href":"https:\/\/hollywoodforever.com\/es\/wp-json\/wp\/v2\/comments?post=19617"}],"version-history":[{"count":0,"href":"https:\/\/hollywoodforever.com\/es\/wp-json\/wp\/v2\/pages\/19617\/revisions"}],"wp:featuredmedia":[{"embeddable":true,"href":"https:\/\/hollywoodforever.com\/es\/wp-json\/wp\/v2\/media\/15745"}],"wp:attachment":[{"href":"https:\/\/hollywoodforever.com\/es\/wp-json\/wp\/v2\/media?parent=19617"}],"curies":[{"name":"wp","href":"https:\/\/api.w.org\/{rel}","templated":true}]}}