{"id":19613,"date":"2018-09-26T14:36:43","date_gmt":"2018-09-26T14:36:43","guid":{"rendered":"https:\/\/hollywoodforever.com\/culture\/mailing-list\/"},"modified":"2019-04-08T07:40:21","modified_gmt":"2019-04-08T14:40:21","slug":"lista-de-correo","status":"publish","type":"page","link":"https:\/\/hollywoodforever.com\/es\/culture\/mailing-list\/","title":{"rendered":"Lista de Correo"},"content":{"rendered":"<p>\u00a1No se pierda los pr\u00f3ximos eventos en Hollywood Forever!<\/p>\n<p>\u00danase a la lista de env\u00edo para recibir noticias y actualizaciones sobre nuestros conciertos, proyecciones y m\u00e1s.<\/p>\n<div class=\"tfly-email-subscribe\">\n<h3>Suscr\u00edbase<\/h3>\n<p>Ingrese su correo electr\u00f3nico<\/p>\n<form class=\"signup-form\" action=\"https:\/\/www.ticketfly.com\/account\/emailSignup?orgId=549\" method=\"post\"><input class=\"tfly-email-subscribe-text\" name=\"email\" type=\"text\" value=\"\" placeholder=\"Email Address\" \/> <input class=\"tfly-email-subscribe-submit button btn\" name=\"mysubmit\" type=\"submit\" value=\"Submit\" \/><\/form>\n<\/div>\n","protected":false},"excerpt":{"rendered":"<p>\u00a1No se pierda los pr\u00f3ximos eventos en Hollywood Forever! \u00danase a la lista de env\u00edo para recibir noticias y actualizaciones sobre nuestros conciertos, proyecciones y m\u00e1s. Suscr\u00edbase Ingrese su correo [&#8230;]<\/p>\n<p><a class=\"btn btn-secondary understrap-read-more-link\" href=\"https:\/\/hollywoodforever.com\/es\/culture\/mailing-list\/\">Leer m\u00e1s&#8230;<\/a><\/p>\n","protected":false},"author":1,"featured_media":17939,"parent":19609,"menu_order":230,"comment_status":"closed","ping_status":"closed","template":"page-templates\/page-left.php","meta":{"_acf_changed":false,"footnotes":""},"class_list":["post-19613","page","type-page","status-publish","has-post-thumbnail","hentry"],"acf":[],"jetpack_sharing_enabled":true,"_links":{"self":[{"href":"https:\/\/hollywoodforever.com\/es\/wp-json\/wp\/v2\/pages\/19613","targetHints":{"allow":["GET"]}}],"collection":[{"href":"https:\/\/hollywoodforever.com\/es\/wp-json\/wp\/v2\/pages"}],"about":[{"href":"https:\/\/hollywoodforever.com\/es\/wp-json\/wp\/v2\/types\/page"}],"author":[{"embeddable":true,"href":"https:\/\/hollywoodforever.com\/es\/wp-json\/wp\/v2\/users\/1"}],"replies":[{"embeddable":true,"href":"https:\/\/hollywoodforever.com\/es\/wp-json\/wp\/v2\/comments?post=19613"}],"version-history":[{"count":0,"href":"https:\/\/hollywoodforever.com\/es\/wp-json\/wp\/v2\/pages\/19613\/revisions"}],"up":[{"embeddable":true,"href":"https:\/\/hollywoodforever.com\/es\/wp-json\/wp\/v2\/pages\/19609"}],"wp:featuredmedia":[{"embeddable":true,"href":"https:\/\/hollywoodforever.com\/es\/wp-json\/wp\/v2\/media\/17939"}],"wp:attachment":[{"href":"https:\/\/hollywoodforever.com\/es\/wp-json\/wp\/v2\/media?parent=19613"}],"curies":[{"name":"wp","href":"https:\/\/api.w.org\/{rel}","templated":true}]}}