{"id":19609,"date":"2018-08-21T15:50:15","date_gmt":"2018-08-21T15:50:15","guid":{"rendered":"https:\/\/hollywoodforever.com\/culture\/"},"modified":"2020-09-24T10:57:45","modified_gmt":"2020-09-24T17:57:45","slug":"eventos-culturales","status":"publish","type":"page","link":"https:\/\/hollywoodforever.com\/es\/culture\/","title":{"rendered":"Eventos Culturales"},"content":{"rendered":"<h3>Una experiencia como ninguna otra<\/h3>\n<p>Hollywood Forever no es s\u00f3lo un cementerio mundialmente famoso en el coraz\u00f3n de Hollywood, tambi\u00e9n somos un importante centro cultural en Los \u00e1ngeles. Nuestro programa de eventos incluye: : pel\u00edculas cl\u00e1sicas al aire libre, conciertos, conferencias, eventos literarios, podcasts en vivo y mucho m\u00e1s. Tambi\u00e9n tenemos el evento de D\u00eda de Muertos m\u00e1s grande en Estados Unidos.<\/p>\n<h3>Pel\u00edculas Cl\u00e1sicas al aire libre<\/h3>\n<p>Desde 2002, Hollywood Forever hizo equipo con la organizaci\u00f3n f\u00edlmica Cinespia para producir reproducciones de filmes cl\u00e1sicos cada verano (desde mayo a septiembre). Miles de personas se re\u00fanen en el Campo Fairbanks despu\u00e9s del atardecer para ver pel\u00edculas cl\u00e1sicas de Hollywood proyectadas sobre el muro de un mausoleo. Los visitantes traen canastas de picnic, con mantas y sillas para disfrutar un evento verdaderamente \u00fanico. Nuestras funciones son tambi\u00e9n precedidas por DJs, stands fotogr\u00e1ficos con temas y a veces, visitas de las estrellas de las pel\u00edculas, sus directores o productores.<\/p>\n<p>Descubra m\u00e1s sobre nuestras funciones futuras en nuestro\u00a0<a href=\"https:\/\/hollywoodforever.com\/events-calendar\/\">calendario de eventos.<\/a><\/p>\n<h3>D\u00eda de Los Muertos<\/h3>\n<p>Celebrado principalmente en M\u00e9xico, el 2 de noviembre es el D\u00eda de Los Muertos &#8211; the Day of the Dead. Es una celebraci\u00f3n que recuerda las vidas de los difuntos con comida, bebida y celebraci\u00f3n. Nuestro d\u00eda de Muertos anual es un festival que dura todo el d\u00eda y que tiene preciosos altares, bailarines Aztecas, y escenarios de m\u00fasica y baile, artes, artesan\u00edas, una procesi\u00f3n y mucho m\u00e1s, atrayendo a visitantes de todo el mundo.<\/p>\n<p>Descubra m\u00e1s del\u00a0<a href=\"https:\/\/hollywoodforever.com\/cultural-events\/dia-de-los-muertos-at-hollywood-forever\/\">D\u00eda de Los Muertos<\/a>.<\/p>\n<h3>Conciertos, Noches de Autor, Podcasts, Funciones<\/h3>\n<p>Hollywood Forever tiene un activo calendario de conciertos, con eventos seleccionados al aire libre cada verano, tambi\u00e9n como shows todo el a\u00f1o en la Logia Mas\u00f3nica. Nuestra Logia Mas\u00f3nica, abierta en 1927, es una bell\u00edsima locaci\u00f3n donde tenemos conciertos, noches de autores literarios, grabaciones en vivo de podcasts, eventos de contar historias, proyecciones y otros eventos culturales cuidadosamente elegidos. La Logia Mas\u00f3nica tambi\u00e9n est\u00e1 disponible para eventos privados seleccionados.<\/p>\n<p>Descubra m\u00e1s sobre nuestros pr\u00f3ximos conciertos en nuestro\u00a0<a href=\"https:\/\/hollywoodforever.com\/events-calendar\/\">calendario de eventos<\/a>.<\/p>\n<p>Si le interesa reservar un evento en Hollywood Forever, por favor\u00a0env\u00ede un correo a\u00a0<a href=\"mailto:events@hollywoodforever.com\">events@hollywoodforever.com<\/a> o llame al <a href=\"tel:(323) 469-1181\"><b>(323) 469-1181<\/b><\/a>.<\/p>\n","protected":false},"excerpt":{"rendered":"<p>Una experiencia como ninguna otra Hollywood Forever no es s\u00f3lo un cementerio mundialmente famoso en el coraz\u00f3n de Hollywood, tambi\u00e9n somos un importante centro cultural en Los \u00e1ngeles. Nuestro programa [&#8230;]<\/p>\n<p><a class=\"btn btn-secondary understrap-read-more-link\" href=\"https:\/\/hollywoodforever.com\/es\/culture\/\">Leer m\u00e1s&#8230;<\/a><\/p>\n","protected":false},"author":1,"featured_media":17937,"parent":0,"menu_order":200,"comment_status":"closed","ping_status":"closed","template":"page-templates\/page-right.php","meta":{"_acf_changed":false,"footnotes":""},"class_list":["post-19609","page","type-page","status-publish","has-post-thumbnail","hentry"],"acf":[],"jetpack_sharing_enabled":true,"_links":{"self":[{"href":"https:\/\/hollywoodforever.com\/es\/wp-json\/wp\/v2\/pages\/19609","targetHints":{"allow":["GET"]}}],"collection":[{"href":"https:\/\/hollywoodforever.com\/es\/wp-json\/wp\/v2\/pages"}],"about":[{"href":"https:\/\/hollywoodforever.com\/es\/wp-json\/wp\/v2\/types\/page"}],"author":[{"embeddable":true,"href":"https:\/\/hollywoodforever.com\/es\/wp-json\/wp\/v2\/users\/1"}],"replies":[{"embeddable":true,"href":"https:\/\/hollywoodforever.com\/es\/wp-json\/wp\/v2\/comments?post=19609"}],"version-history":[{"count":0,"href":"https:\/\/hollywoodforever.com\/es\/wp-json\/wp\/v2\/pages\/19609\/revisions"}],"wp:featuredmedia":[{"embeddable":true,"href":"https:\/\/hollywoodforever.com\/es\/wp-json\/wp\/v2\/media\/17937"}],"wp:attachment":[{"href":"https:\/\/hollywoodforever.com\/es\/wp-json\/wp\/v2\/media?parent=19609"}],"curies":[{"name":"wp","href":"https:\/\/api.w.org\/{rel}","templated":true}]}}