{"id":19592,"date":"2018-08-21T15:49:31","date_gmt":"2018-08-21T15:49:31","guid":{"rendered":"https:\/\/hollywoodforever.com\/plan-ahead\/"},"modified":"2025-07-21T12:35:40","modified_gmt":"2025-07-21T19:35:40","slug":"funeral-preplanning","status":"publish","type":"page","link":"https:\/\/hollywoodforever.com\/es\/funeral-preplanning\/","title":{"rendered":"Planificaci\u00f3n previa del funeral"},"content":{"rendered":"<p>La mayor\u00eda de la gente que decide hacer sus arreglos finales antes de tiempo lo hacen por el deseo de facilitar la carga de sus deudos. Todos quieren hacer lo mejor por las personas que aman. Las decisiones al final de la vida, que pueden incurrir en obligaciones financieras, son difi\u00edciles cuando uno est\u00e1 de luto.<\/p>\n<p>Tomar sus propias decisiones y hacerlas saber al planificar por adelantado le quita la dura tarea a quienes usted deja de discernir lo que pudieron ser sus deseos finales. En vez de \u00e9sto, ellos tendr\u00e1n la tranquilidad que viene al saber que se est\u00e1n honrando sus intenciones.<\/p>\n<p>Un proceso de pre planeaci\u00f3n le garantizan un ambiente de tranquilidad al trazar sus planes. El staff en Hollywood Forever le guiar\u00e1 a trav\u00e9s de las opciones disponibles y ayudar\u00e1a tomar decisiones que son correctas para usted y su familia. sin importar sus tradiciones, ya sean familiares, culturales o religiosas, nosotros personalizaremos nuestros servicios para acomodar sus necesidades y presupuesto.<\/p>\n<p><strong>Nuestro staff le guiar\u00e1 a trav\u00e9s de decisiones importantes, como \u00e9stas:<\/strong><\/p>\n<ul>\n<li>Usted visualiza un entierro tradicional, \u00bfo la\u00a0<a href=\"https:\/\/hollywoodforever.com\/cremation-options\/\">cremaci\u00f3n<\/a>\u00a0es una opci\u00f3n para usted?<\/li>\n<li>Si opta por un espacio en el cementerio, \u00bfser\u00eda en el jard\u00edn, una<a href=\"https:\/\/hollywoodforever.com\/cemetery-options\/mausoleum-options\/\"> cripta en un mausoleo<\/a>, una\u00a0<a href=\"https:\/\/hollywoodforever.com\/es\/cremation-options\/cremation-niches\/\">parcela crematoria, o un nicho crematorio<\/a>?<\/li>\n<li>\u00bfHabr\u00e1 ceremonia? De ser as\u00ed, \u00bfseguir\u00eda estatutos religiosos o culturales, o ser\u00eda una celebraci\u00f3n de su vida? \u00bfqui\u00e9n conducir\u00eda la ceremonia, que lecturas se har\u00edan, y que m\u00fasica debe ser tocada?<\/li>\n<\/ul>\n<p><strong>Precios<\/strong><\/p>\n<p>Click aqu\u00ed para ver nuestros\u00a0<strong><span style=\"color: #ce6632;\"><a href=\"https:\/hollywoodforever.com\/es\/pricing\/\">planes y precios<\/a>.<\/span><\/strong><br \/>\nPara saber m\u00e1s de la planeaci\u00f3n por adelantado en Hollywood Forever, por favor\u00a0<a href=\"https:\/\/hollywoodforever.com\/es\/contact\/\">cont\u00e1ctenos<\/a>.<\/p>\n<p class=\"p1\"><span class=\"s1\"><b>Un director de servicios funerales est\u00e1 disponible para hablar con usted y responder sus preguntas las 24 horas del d\u00eda. <\/b><\/span><\/p>\n<p class=\"p1\"><span class=\"s1\"><b>Si ha ocurrido una muerte o para la planificaci\u00f3n del funeral, ll\u00e1menos al: <a href=\"tel:(323) 469-1181\">(323) 469-1181<\/a> o sin cargo : <a href=\"tel:(877) 844-3837\">(877) 844-3837<\/a>.<\/b><\/span><\/p>\n","protected":false},"excerpt":{"rendered":"<p>La mayor\u00eda de la gente que decide hacer sus arreglos finales antes de tiempo lo hacen por el deseo de facilitar la carga de sus deudos. Todos quieren hacer lo [&#8230;]<\/p>\n<p><a class=\"btn btn-secondary understrap-read-more-link\" href=\"https:\/\/hollywoodforever.com\/es\/funeral-preplanning\/\">Leer m\u00e1s&#8230;<\/a><\/p>\n","protected":false},"author":1,"featured_media":22849,"parent":0,"menu_order":51,"comment_status":"closed","ping_status":"closed","template":"page-templates\/page-right.php","meta":{"_acf_changed":false,"footnotes":""},"class_list":["post-19592","page","type-page","status-publish","has-post-thumbnail","hentry"],"acf":[],"jetpack_sharing_enabled":true,"_links":{"self":[{"href":"https:\/\/hollywoodforever.com\/es\/wp-json\/wp\/v2\/pages\/19592","targetHints":{"allow":["GET"]}}],"collection":[{"href":"https:\/\/hollywoodforever.com\/es\/wp-json\/wp\/v2\/pages"}],"about":[{"href":"https:\/\/hollywoodforever.com\/es\/wp-json\/wp\/v2\/types\/page"}],"author":[{"embeddable":true,"href":"https:\/\/hollywoodforever.com\/es\/wp-json\/wp\/v2\/users\/1"}],"replies":[{"embeddable":true,"href":"https:\/\/hollywoodforever.com\/es\/wp-json\/wp\/v2\/comments?post=19592"}],"version-history":[{"count":2,"href":"https:\/\/hollywoodforever.com\/es\/wp-json\/wp\/v2\/pages\/19592\/revisions"}],"predecessor-version":[{"id":144069,"href":"https:\/\/hollywoodforever.com\/es\/wp-json\/wp\/v2\/pages\/19592\/revisions\/144069"}],"wp:featuredmedia":[{"embeddable":true,"href":"https:\/\/hollywoodforever.com\/es\/wp-json\/wp\/v2\/media\/22849"}],"wp:attachment":[{"href":"https:\/\/hollywoodforever.com\/es\/wp-json\/wp\/v2\/media?parent=19592"}],"curies":[{"name":"wp","href":"https:\/\/api.w.org\/{rel}","templated":true}]}}