{"id":19590,"date":"2018-09-26T14:47:54","date_gmt":"2018-09-26T14:47:54","guid":{"rendered":"https:\/\/hollywoodforever.com\/time-of-loss\/"},"modified":"2020-09-24T11:12:45","modified_gmt":"2020-09-24T18:12:45","slug":"perdida","status":"publish","type":"page","link":"https:\/\/hollywoodforever.com\/es\/time-of-loss\/","title":{"rendered":"P\u00e9rdida"},"content":{"rendered":"<p>Cuando alguien que se ama ha fallecido, Hollywood Forever estar\u00e1 para guiarle a trav\u00e9s de cada decisi\u00f3n a la que deba enfrentarse. Nuestro compasivo staff est\u00e1 disponible las 24 horas del d\u00eda, a una llamada de distancia al\u00a0<a href=\"tel:(323) 469-1181\"><strong>(323)-469-1181<\/strong><\/a>. Cuidaremos de su ser querido y proporcionaremos la informaci\u00f3n que necesitar\u00e1 para personalizar nuestros servicios y satisfacer sus planes personales.<\/p>\n<p>Hollywood Forever es una\u00a0\u00a0<a href=\"https:\/\/hollywoodforever.com\/funeral-home\/\">casa funeraria<\/a>, <a href=\"https:\/\/hollywoodforever.com\/cremation-options\/\">crematorio<\/a>, y <a href=\"https:\/\/hollywoodforever.com\/cemetery-options\/\">cementerio<\/a>\u00a0de tiempo completo. Le guiaremos a trave\u00b4s de cada etapa del proceso, desde la reuni\u00f3n inicial para arreglos hasta el d\u00eda del funeral, memorial, entierro o cremaci\u00f3n.<\/p>\n<h3>Algunas Decisiones por Tomar<\/h3>\n<ul>\n<li>Entierro tradicional o cremaci\u00f3n<\/li>\n<li>Selecci\u00f3n de un sitio de entierro, ya sea en el jard\u00edn, un nicho crematorio, o una cripta en un mausoleo<\/li>\n<li>Planeaci\u00f3n de servicio memorial \u2013 le ayudaremos a crear un bello servicio, incluyendo contactar al clero y m\u00fasicos<\/li>\n<li>Qu\u00e9 escribir en el obituario y d\u00f3nde colocarlo<\/li>\n<\/ul>\n<h3>Otros Servicios<\/h3>\n<ul>\n<li>Obtenci\u00f3n del certificado de muerte, el permiso de disposici\u00f3n, y otros documentos oficiales necesarios, como los de transportaci\u00f3n del extranjero.<\/li>\n<li>Responder preguntas sobre la Seguridad Social, reclamos del seguro y beneficios de Veteranos<\/li>\n<li>Gu\u00eda para la selecci\u00f3n de objetos memoriales, como flores, programas impresos, tarjetas de memoria, tributos en v\u00eddeo, marcadores de jard\u00edn, monumentos, placas de bronce para criptas, urnas y ata\u00fades<\/li>\n<\/ul>\n<h3>PRECIOS<\/h3>\n<p>De click aqu\u00ed para ver nuestros <a href=\"https:\/\/hollywoodforever.com\/hfigpl\" target=\"_blank\" rel=\"noopener noreferrer\">planes y precios<\/a>.<br \/>\nPara saber m\u00e1s sobre Hollywood Forever, por favor\u00a0<a href=\"https:\/\/hollywoodforever.com\/contact\/\">cont\u00e1ctenos<\/a>.<\/p>\n","protected":false},"excerpt":{"rendered":"<p>Cuando alguien que se ama ha fallecido, Hollywood Forever estar\u00e1 para guiarle a trav\u00e9s de cada decisi\u00f3n a la que deba enfrentarse. Nuestro compasivo staff est\u00e1 disponible las 24 horas [&#8230;]<\/p>\n<p><a class=\"btn btn-secondary understrap-read-more-link\" href=\"https:\/\/hollywoodforever.com\/es\/time-of-loss\/\">Leer m\u00e1s&#8230;<\/a><\/p>\n","protected":false},"author":1,"featured_media":15726,"parent":0,"menu_order":50,"comment_status":"closed","ping_status":"closed","template":"page-templates\/page-right.php","meta":{"_acf_changed":false,"footnotes":""},"class_list":["post-19590","page","type-page","status-publish","has-post-thumbnail","hentry"],"acf":[],"jetpack_sharing_enabled":true,"_links":{"self":[{"href":"https:\/\/hollywoodforever.com\/es\/wp-json\/wp\/v2\/pages\/19590","targetHints":{"allow":["GET"]}}],"collection":[{"href":"https:\/\/hollywoodforever.com\/es\/wp-json\/wp\/v2\/pages"}],"about":[{"href":"https:\/\/hollywoodforever.com\/es\/wp-json\/wp\/v2\/types\/page"}],"author":[{"embeddable":true,"href":"https:\/\/hollywoodforever.com\/es\/wp-json\/wp\/v2\/users\/1"}],"replies":[{"embeddable":true,"href":"https:\/\/hollywoodforever.com\/es\/wp-json\/wp\/v2\/comments?post=19590"}],"version-history":[{"count":0,"href":"https:\/\/hollywoodforever.com\/es\/wp-json\/wp\/v2\/pages\/19590\/revisions"}],"wp:featuredmedia":[{"embeddable":true,"href":"https:\/\/hollywoodforever.com\/es\/wp-json\/wp\/v2\/media\/15726"}],"wp:attachment":[{"href":"https:\/\/hollywoodforever.com\/es\/wp-json\/wp\/v2\/media?parent=19590"}],"curies":[{"name":"wp","href":"https:\/\/api.w.org\/{rel}","templated":true}]}}