{"id":19586,"date":"2018-09-25T17:00:36","date_gmt":"2018-09-25T17:00:36","guid":{"rendered":"https:\/\/hollywoodforever.com\/about\/filming\/"},"modified":"2020-04-20T23:20:30","modified_gmt":"2020-04-21T06:20:30","slug":"filmaciones","status":"publish","type":"page","link":"https:\/\/hollywoodforever.com\/es\/about\/filming\/","title":{"rendered":"Filmaciones"},"content":{"rendered":"<h3>Pol\u00edticas de Hollywood Forever sobre Fotograf\u00eda, Filmaciones y Videograf\u00eda<\/h3>\n<p>El Cementerio Hollywood Forever es propiedad privada, y se le pide a todos los visitantes que respeten la privacidad de nuestras familias y sus miembros, quienes est\u00e1n enterrados aqu\u00ed. Hollywood Forever le da la bienvenida a fot\u00f3grafos, compa\u00f1\u00edas de filmaci\u00f3n, miembros de la prensa, y acad\u00e9micos para fotografiar la belleza del parque, sujeto a las pol\u00edticas de fotograf\u00eda y videograf\u00eda deHollywood Forever.<\/p>\n<p>Hollywood Forever inetentar\u00e1 satisfacer peticiones, mientras respeta la privacidad de nuestras familias.<\/p>\n<p><strong>S\u00f3lo fotograf\u00edas para uso personal o privado se permiten sin previa autorizaci\u00f3n.<\/strong><\/p>\n<p>Fotograf\u00edas, filmaciones o videograf\u00edas para uso en comerciales, filmes, v\u00eddeos, publicidad, promoci\u00f3n, publicaciones o sitios web son permitidos s\u00f3lo con previa autorizaci\u00f3n de Hollywood Forever. Dicha aprobaci\u00f3n puede ser condicional al ejercer el Acuerdo de Filmaci\u00f3n Comercial de Hollywood Forever, y el pago de la tarifa de uso.<\/p>\n<p>Si desea solicitar autorizaci\u00f3n, por favor env\u00ede un email a\u00a0<a href=\"mailto:yogu@hollywoodforever.com\">yogu@hollywoodforever.com<\/a>, o llame al <a href=\"tel:(323) 469-1181\"><b>(323) 469-1181<\/b><\/a><\/p>\n","protected":false},"excerpt":{"rendered":"<p>Pol\u00edticas de Hollywood Forever sobre Fotograf\u00eda, Filmaciones y Videograf\u00eda El Cementerio Hollywood Forever es propiedad privada, y se le pide a todos los visitantes que respeten la privacidad de nuestras [&#8230;]<\/p>\n<p><a class=\"btn btn-secondary understrap-read-more-link\" href=\"https:\/\/hollywoodforever.com\/es\/about\/filming\/\">Leer m\u00e1s&#8230;<\/a><\/p>\n","protected":false},"author":1,"featured_media":15688,"parent":19578,"menu_order":5,"comment_status":"closed","ping_status":"closed","template":"page-templates\/page-left.php","meta":{"_acf_changed":false,"footnotes":""},"class_list":["post-19586","page","type-page","status-publish","has-post-thumbnail","hentry"],"acf":[],"jetpack_sharing_enabled":true,"_links":{"self":[{"href":"https:\/\/hollywoodforever.com\/es\/wp-json\/wp\/v2\/pages\/19586","targetHints":{"allow":["GET"]}}],"collection":[{"href":"https:\/\/hollywoodforever.com\/es\/wp-json\/wp\/v2\/pages"}],"about":[{"href":"https:\/\/hollywoodforever.com\/es\/wp-json\/wp\/v2\/types\/page"}],"author":[{"embeddable":true,"href":"https:\/\/hollywoodforever.com\/es\/wp-json\/wp\/v2\/users\/1"}],"replies":[{"embeddable":true,"href":"https:\/\/hollywoodforever.com\/es\/wp-json\/wp\/v2\/comments?post=19586"}],"version-history":[{"count":0,"href":"https:\/\/hollywoodforever.com\/es\/wp-json\/wp\/v2\/pages\/19586\/revisions"}],"up":[{"embeddable":true,"href":"https:\/\/hollywoodforever.com\/es\/wp-json\/wp\/v2\/pages\/19578"}],"wp:featuredmedia":[{"embeddable":true,"href":"https:\/\/hollywoodforever.com\/es\/wp-json\/wp\/v2\/media\/15688"}],"wp:attachment":[{"href":"https:\/\/hollywoodforever.com\/es\/wp-json\/wp\/v2\/media?parent=19586"}],"curies":[{"name":"wp","href":"https:\/\/api.w.org\/{rel}","templated":true}]}}