{"id":19578,"date":"2018-08-21T15:49:03","date_gmt":"2018-08-21T15:49:03","guid":{"rendered":"https:\/\/hollywoodforever.com\/about\/"},"modified":"2020-04-20T23:19:38","modified_gmt":"2020-04-21T06:19:38","slug":"sobre-hollywood-forever","status":"publish","type":"page","link":"https:\/\/hollywoodforever.com\/es\/about\/","title":{"rendered":"Sobre Hollywood Forever"},"content":{"rendered":"<p>Hollywood Forever es una casa funeraria de servicio completo, crematorio y centro de eventos culturales en el coraz\u00f3n de Hollywood. Es una de las atracciones m\u00e1s visitadas, y el lugar de descanso final de cientos de estrellas y fundadores de Hollywood, y al mismo tiempo de miles de vecinos residentes e individuos de todo el mundo.<\/p>\n<h3>Casa Funeraria, Cementerio y Crematorio<\/h3>\n<p>Una parte integral de la comunidad que le rodea, Hollywood Forever es un lugar \u00fanico para celebrar la vida, ya sea que se honren tradiciones o se creen nuevas. Las familias pueden incluso seleccionar todo, desde entierros tradicionales hasta la cremaci\u00f3n m\u00e1s simple. El parque ofrece espacios en jardines, nichos crematorios y criptas en mausoleos. La secci\u00f3n Beth Olam\u00a0 \u2014 uno de los cementerios Jud\u00edos activos m\u00e1s antiguos en California \u2014 ofrece entierros tradicionales Jud\u00edos.<\/p>\n<p>Sea cual sea su tradici\u00f3n, f\u00e9, cultura o afiliaci\u00f3n, trabajaremos con usted para crear una ceremonia considerada y significativa. Nuestro staff habla varios lenguajes, incluyendo Ingl\u00e9s, Espa\u00f1ol. Ruso, Armenio y Tailand\u00e9s.<\/p>\n<h3>Eventos Culturales<\/h3>\n<p>Hollywood Forever es uno de los centros culturales m\u00e1s din\u00e1micos de Los \u00c1ngeles, recibiendo familias y visitantes a conciertos, obras de teatro, pel\u00edculas, y mucho m\u00e1s. Desde el a\u00f1o 2000, hemos trabajado con Cinespia para presentar funciones cada verano en el campo Fairbanks. Miles de personas se re\u00fanen cada s\u00e1bado para ver filmes cl\u00e1sicos y favoritos contempor\u00e1neos. La celebraci\u00f3n del D\u00eda de Muertos del cementerio \u2014 un festival de todo el d\u00eda con altares, bailarines tradicionales, exhibiciones de arte, artesan\u00edas y artistas latinos \u2014 atrae m\u00e1s de 30 mil visitantes cada a\u00f1o.<\/p>\n<h3>Historia<\/h3>\n<p>Fundado en 1899, el cementerio fue parte integral del crecimiento de Hollywood. Los Estudios Paramount fueron construidos en la zona sur sin desarrollar del sitio original, donde el estudio a\u00fan opera. Siendo el cementerio por elecci\u00f3n de muchos de los fundadores de Hollywood y sus luminarias, Hollywood Forever fue listado en el Registro Nacional de Sitios Hist\u00f3ricos en 1999.<\/p>\n<h3>Museo<\/h3>\n<p>Hoy en d\u00eda, los visitantes vienen a Hollywood Forever desde todo el mundo a dar sus respetos a mcuhas de las figuras m\u00e1s queridas del arte, como\u00a0 Judy Garland, Cecil B. DeMille, Rudolph Valentino, Mickey Rooney, Tyrone Power, Douglas Fairbanks, Johnny y Dee Dee Ramone, Chris Cornell, y cientos m\u00e1s. Un mapa detallado y libro de gu\u00eda de visita se encuentran disponibles en la tienda de flores para quienes deseen explorar por su cuenta. A los interesados en tours guiados ofrecidos por la historiadora local Karie Bible, por favor visiten el website <a href=\"http:\/\/www.cemeterytour.com\/\" target=\"_blank\" rel=\"noopener noreferrer\">cemeterytour.com<\/a>\u00a0para obtener horarios y detalles.for scheduling and details.<\/p>\n<p>Para saber m\u00e1s de nuestra casa funeraria, cementerio, crematorio y eventos culturales, por favor\u00a0<a href=\"https:\/\/hollywoodforever.com\/contact\/\">cont\u00e1ctenos.<\/a><\/p>\n<p class=\"p1\"><span class=\"s1\"><b>Un director de servicios funerales est\u00e1 disponible para hablar con usted y responder sus preguntas las 24 horas del d\u00eda. <\/b><\/span><\/p>\n<p class=\"p1\"><span class=\"s1\"><b>Si ha ocurrido una muerte o para la planificaci\u00f3n del funeral, ll\u00e1menos al: <a href=\"tel:(323) 469-1181\">(323) 469-1181<\/a> o sin cargo : <a href=\"tel:(877) 844-3837\">(877) 844-3837<\/a><\/b><\/span><span class=\"s1\"><b>\u00a0, o <a href=\"https:\/\/hollywoodforever.com\/es\/funeral-home\/pricing\/\">haga clic aqu\u00ed para ver nuestros planes y precios<\/a>.<\/b><\/span><\/p>\n","protected":false},"excerpt":{"rendered":"<p>Hollywood Forever es una casa funeraria de servicio completo, crematorio y centro de eventos culturales en el coraz\u00f3n de Hollywood. Es una de las atracciones m\u00e1s visitadas, y el lugar [&#8230;]<\/p>\n<p><a class=\"btn btn-secondary understrap-read-more-link\" href=\"https:\/\/hollywoodforever.com\/es\/about\/\">Leer m\u00e1s&#8230;<\/a><\/p>\n","protected":false},"author":1,"featured_media":22883,"parent":0,"menu_order":40,"comment_status":"closed","ping_status":"closed","template":"page-templates\/page-right.php","meta":{"_acf_changed":false,"footnotes":""},"class_list":["post-19578","page","type-page","status-publish","has-post-thumbnail","hentry"],"acf":[],"jetpack_sharing_enabled":true,"_links":{"self":[{"href":"https:\/\/hollywoodforever.com\/es\/wp-json\/wp\/v2\/pages\/19578","targetHints":{"allow":["GET"]}}],"collection":[{"href":"https:\/\/hollywoodforever.com\/es\/wp-json\/wp\/v2\/pages"}],"about":[{"href":"https:\/\/hollywoodforever.com\/es\/wp-json\/wp\/v2\/types\/page"}],"author":[{"embeddable":true,"href":"https:\/\/hollywoodforever.com\/es\/wp-json\/wp\/v2\/users\/1"}],"replies":[{"embeddable":true,"href":"https:\/\/hollywoodforever.com\/es\/wp-json\/wp\/v2\/comments?post=19578"}],"version-history":[{"count":0,"href":"https:\/\/hollywoodforever.com\/es\/wp-json\/wp\/v2\/pages\/19578\/revisions"}],"wp:featuredmedia":[{"embeddable":true,"href":"https:\/\/hollywoodforever.com\/es\/wp-json\/wp\/v2\/media\/22883"}],"wp:attachment":[{"href":"https:\/\/hollywoodforever.com\/es\/wp-json\/wp\/v2\/media?parent=19578"}],"curies":[{"name":"wp","href":"https:\/\/api.w.org\/{rel}","templated":true}]}}