{"id":19576,"date":"2018-08-23T17:52:34","date_gmt":"2018-08-24T00:52:34","guid":{"rendered":"https:\/\/hollywoodforever.com\/cremation-options\/cremation-niches\/"},"modified":"2020-09-24T11:04:46","modified_gmt":"2020-09-24T18:04:46","slug":"nichos-crematorios-parcelas-crematorias-arboles-vivientes-y-jardines-de-esparcion","status":"publish","type":"page","link":"https:\/\/hollywoodforever.com\/es\/servicios-de-cremacion\/cremation-niches\/","title":{"rendered":"Nichos Crematorios, Parcelas Crematorias, Arboles Vivientes, y Jardines de Esparci\u00f3n"},"content":{"rendered":"<p>Hollywood Forever ofrece una variedad de opciones para la colocaci\u00f3n o entierro de restos cremados, incluyendo nichos interiores y exteriores, parcelas en los jardines, memoriales de \u00e1rbol viviente y jardines de esparcimiento de restos. Para saber m\u00e1s, por favor\u00a0<a href=\"https:\/\/hollywoodforever.com\/contact\/\">cont\u00e1ctenos<\/a>. Le invitamos a visitarnos en el cementerio para tomar un tour personal de nuestros bellos campos e hist\u00f3ricos edificios.<\/p>\n","protected":false},"excerpt":{"rendered":"<p>Hollywood Forever ofrece una variedad de opciones para la colocaci\u00f3n o entierro de restos cremados, incluyendo nichos interiores y exteriores, parcelas en los jardines, memoriales de \u00e1rbol viviente y jardines [&#8230;]<\/p>\n<p><a class=\"btn btn-secondary understrap-read-more-link\" href=\"https:\/\/hollywoodforever.com\/es\/servicios-de-cremacion\/cremation-niches\/\">Leer m\u00e1s&#8230;<\/a><\/p>\n","protected":false},"author":1,"featured_media":22792,"parent":19570,"menu_order":3,"comment_status":"closed","ping_status":"closed","template":"page-templates\/page-options.php","meta":{"_acf_changed":false,"footnotes":""},"class_list":["post-19576","page","type-page","status-publish","has-post-thumbnail","hentry"],"acf":[],"jetpack_sharing_enabled":true,"_links":{"self":[{"href":"https:\/\/hollywoodforever.com\/es\/wp-json\/wp\/v2\/pages\/19576","targetHints":{"allow":["GET"]}}],"collection":[{"href":"https:\/\/hollywoodforever.com\/es\/wp-json\/wp\/v2\/pages"}],"about":[{"href":"https:\/\/hollywoodforever.com\/es\/wp-json\/wp\/v2\/types\/page"}],"author":[{"embeddable":true,"href":"https:\/\/hollywoodforever.com\/es\/wp-json\/wp\/v2\/users\/1"}],"replies":[{"embeddable":true,"href":"https:\/\/hollywoodforever.com\/es\/wp-json\/wp\/v2\/comments?post=19576"}],"version-history":[{"count":0,"href":"https:\/\/hollywoodforever.com\/es\/wp-json\/wp\/v2\/pages\/19576\/revisions"}],"up":[{"embeddable":true,"href":"https:\/\/hollywoodforever.com\/es\/wp-json\/wp\/v2\/pages\/19570"}],"wp:featuredmedia":[{"embeddable":true,"href":"https:\/\/hollywoodforever.com\/es\/wp-json\/wp\/v2\/media\/22792"}],"wp:attachment":[{"href":"https:\/\/hollywoodforever.com\/es\/wp-json\/wp\/v2\/media?parent=19576"}],"curies":[{"name":"wp","href":"https:\/\/api.w.org\/{rel}","templated":true}]}}