{"id":19574,"date":"2020-04-22T17:53:26","date_gmt":"2020-04-23T00:53:26","guid":{"rendered":"https:\/\/hollywoodforever.com\/cremation-options\/cremation-memorial-services\/"},"modified":"2020-09-24T11:08:19","modified_gmt":"2020-09-24T18:08:19","slug":"servicios-memoriales-de-cremacion","status":"publish","type":"page","link":"https:\/\/hollywoodforever.com\/es\/servicios-de-cremacion\/servicios-memoriales-de-cremacion\/","title":{"rendered":"Servicios Memoriales de Cremaci\u00f3n"},"content":{"rendered":"<h3>La Importancia de la Ceremonia<\/h3>\n<p>Un funeral significativo o ceremonia memorial puede servir como un paso importante en el proceso de sanaci\u00f3n, ya sea o no que la cremaci\u00f3n sea parte del mismo. Hollywood Forever ofrece diferentes bellas locaciones para servicios, dentro y fuera de los campos del cementerio y dentro de sus hist\u00f3ricos edificios.<\/p>\n<h3>Cremaci\u00f3n Presenciada<\/h3>\n<p>La capilla principal est\u00e1 junto al crematorio, permitiendo que las ceremonias y los memoriales concluyan con una ceremonia de despedida en el crematorio. La configuraci\u00f3n permite que Hollywood Forever sea especialmente ideal para las tradiciones Budistas, Indias y Sij.<\/p>\n<h3>Esparcimiento de restos cremados en el Jard\u00edn de Rosas<\/h3>\n<p>Los restos cremados pueden reunirse con la tierra del Jard\u00edn de Rosas del cementerio, donde los muros ofrecen placas de bronce para honrar a quienes descantan en las cercan\u00edas, o los que est\u00e1n presentes s\u00f3lo en esp\u00edritu.<\/p>\n<h3>Precios<\/h3>\n<p>De click aqu\u00ed para ver nuestros\u00a0<a href=\"https:\/\/hollywoodforever.com\/es\/pricing\/\">planes y precios.<\/a><\/p>\n<h3>Cont\u00e1ctenos<\/h3>\n<p>Para saber m\u00e1s de las opciones funerarios y memoriales de Hollywood Forever, por favor\u00a0<a href=\"https:\/\/hollywoodforever.com\/contact\/\">cont\u00e1ctenos.<\/a>\u00a0Le invitamos a visitarnos para tomar un tour personal de los bellos campos e hist\u00f3ricos edificios.<\/p>\n<p class=\"p1\"><span class=\"s1\"><b>Un director de servicios funerales est\u00e1 disponible para hablar con usted y responder sus preguntas las 24 horas del d\u00eda. <\/b><\/span><\/p>\n<p class=\"p1\"><span class=\"s1\"><b>Si ha ocurrido una muerte o para la planificaci\u00f3n del funeral, ll\u00e1menos al: <a href=\"tel:(323) 469-1181\">(323) 469-1181<\/a> o sin cargo : <a href=\"tel:(877) 844-3837\">(877) 844-3837<\/a><\/b><\/span><span class=\"s1\"><b>\u00a0, o <a href=\"https:\/\/hollywoodforever.com\/es\/pricing\/\">haga clic aqu\u00ed para ver nuestros planes y precios<\/a>.<\/b><\/span><\/p>\n","protected":false},"excerpt":{"rendered":"<p>La Importancia de la Ceremonia Un funeral significativo o ceremonia memorial puede servir como un paso importante en el proceso de sanaci\u00f3n, ya sea o no que la cremaci\u00f3n sea [&#8230;]<\/p>\n<p><a class=\"btn btn-secondary understrap-read-more-link\" href=\"https:\/\/hollywoodforever.com\/es\/servicios-de-cremacion\/servicios-memoriales-de-cremacion\/\">Leer m\u00e1s&#8230;<\/a><\/p>\n","protected":false},"author":1,"featured_media":22804,"parent":19570,"menu_order":2,"comment_status":"closed","ping_status":"closed","template":"page-templates\/page-right.php","meta":{"_acf_changed":false,"footnotes":""},"class_list":["post-19574","page","type-page","status-publish","has-post-thumbnail","hentry"],"acf":[],"jetpack_sharing_enabled":true,"_links":{"self":[{"href":"https:\/\/hollywoodforever.com\/es\/wp-json\/wp\/v2\/pages\/19574","targetHints":{"allow":["GET"]}}],"collection":[{"href":"https:\/\/hollywoodforever.com\/es\/wp-json\/wp\/v2\/pages"}],"about":[{"href":"https:\/\/hollywoodforever.com\/es\/wp-json\/wp\/v2\/types\/page"}],"author":[{"embeddable":true,"href":"https:\/\/hollywoodforever.com\/es\/wp-json\/wp\/v2\/users\/1"}],"replies":[{"embeddable":true,"href":"https:\/\/hollywoodforever.com\/es\/wp-json\/wp\/v2\/comments?post=19574"}],"version-history":[{"count":0,"href":"https:\/\/hollywoodforever.com\/es\/wp-json\/wp\/v2\/pages\/19574\/revisions"}],"up":[{"embeddable":true,"href":"https:\/\/hollywoodforever.com\/es\/wp-json\/wp\/v2\/pages\/19570"}],"wp:featuredmedia":[{"embeddable":true,"href":"https:\/\/hollywoodforever.com\/es\/wp-json\/wp\/v2\/media\/22804"}],"wp:attachment":[{"href":"https:\/\/hollywoodforever.com\/es\/wp-json\/wp\/v2\/media?parent=19574"}],"curies":[{"name":"wp","href":"https:\/\/api.w.org\/{rel}","templated":true}]}}