{"id":19570,"date":"2020-06-08T15:07:46","date_gmt":"2020-06-08T22:07:46","guid":{"rendered":"https:\/\/hollywoodforever.com\/cremation-options\/"},"modified":"2020-09-24T11:02:20","modified_gmt":"2020-09-24T18:02:20","slug":"servicios-de-cremacion","status":"publish","type":"page","link":"https:\/\/hollywoodforever.com\/es\/servicios-de-cremacion\/","title":{"rendered":"Servicios de Cremaci\u00f3n"},"content":{"rendered":"<p style=\"text-align: center;\"><i><span style=\"font-weight: 400;\">Hollywood Forever ha ofrecido servicios de cremaci\u00f3n a la comunidad de Los \u00c1ngeles desde 1928.<\/span><\/i><\/p>\n<p style=\"text-align: center;\"><span style=\"font-weight: 400;\">Optar por cremaci\u00f3n es una decisi\u00f3n que puede reflejar tus creencias m\u00e1s personales. Como una tradici\u00f3n antigua, la cremaci\u00f3n ha sido practicada por muchas religiones y comunidades. A medida que buscamos costumbres funerarias m\u00e1s significativas y respetuosas, los servicios de cremaci\u00f3n pueden dar recuerdos reflexivos e \u00edntimos.<\/span><\/p>\n<p style=\"text-align: center;\"><span style=\"font-weight: 400;\">Cada vez m\u00e1s personas y familias est\u00e1n eligiendo la cremaci\u00f3n como su opci\u00f3n preferida, creando una nueva tradici\u00f3n para las siguientes generaciones. Varias personas tambi\u00e9n aprecian el menor costo de la cremaci\u00f3n en comparaci\u00f3n con un entierro tradicional, mientras que otros consideran que la cremaci\u00f3n es la opci\u00f3n m\u00e1s ecol\u00f3gica.\u00a0<\/span><\/p>\n","protected":false},"excerpt":{"rendered":"<p>Hollywood Forever ha ofrecido servicios de cremaci\u00f3n a la comunidad de Los \u00c1ngeles desde 1928. Optar por cremaci\u00f3n es una decisi\u00f3n que puede reflejar tus creencias m\u00e1s personales. Como una [&#8230;]<\/p>\n<p><a class=\"btn btn-secondary understrap-read-more-link\" href=\"https:\/\/hollywoodforever.com\/es\/servicios-de-cremacion\/\">Leer m\u00e1s&#8230;<\/a><\/p>\n","protected":false},"author":1,"featured_media":22794,"parent":0,"menu_order":30,"comment_status":"closed","ping_status":"closed","template":"page-templates\/page-options.php","meta":{"_acf_changed":false,"footnotes":""},"class_list":["post-19570","page","type-page","status-publish","has-post-thumbnail","hentry"],"acf":[],"jetpack_sharing_enabled":true,"_links":{"self":[{"href":"https:\/\/hollywoodforever.com\/es\/wp-json\/wp\/v2\/pages\/19570","targetHints":{"allow":["GET"]}}],"collection":[{"href":"https:\/\/hollywoodforever.com\/es\/wp-json\/wp\/v2\/pages"}],"about":[{"href":"https:\/\/hollywoodforever.com\/es\/wp-json\/wp\/v2\/types\/page"}],"author":[{"embeddable":true,"href":"https:\/\/hollywoodforever.com\/es\/wp-json\/wp\/v2\/users\/1"}],"replies":[{"embeddable":true,"href":"https:\/\/hollywoodforever.com\/es\/wp-json\/wp\/v2\/comments?post=19570"}],"version-history":[{"count":0,"href":"https:\/\/hollywoodforever.com\/es\/wp-json\/wp\/v2\/pages\/19570\/revisions"}],"wp:featuredmedia":[{"embeddable":true,"href":"https:\/\/hollywoodforever.com\/es\/wp-json\/wp\/v2\/media\/22794"}],"wp:attachment":[{"href":"https:\/\/hollywoodforever.com\/es\/wp-json\/wp\/v2\/media?parent=19570"}],"curies":[{"name":"wp","href":"https:\/\/api.w.org\/{rel}","templated":true}]}}