{"id":19568,"date":"2018-08-22T15:08:00","date_gmt":"2018-08-22T15:08:00","guid":{"rendered":"https:\/\/hollywoodforever.com\/cemetery-options\/beth-olam-jewish-cemetery\/"},"modified":"2020-04-20T23:17:30","modified_gmt":"2020-04-21T06:17:30","slug":"cementerio-beth-olam","status":"publish","type":"page","link":"https:\/\/hollywoodforever.com\/es\/cementerio\/beth-olam-jewish-cemetery\/","title":{"rendered":"Cementerio Beth Olam"},"content":{"rendered":"<p style=\"text-align: left;\">Uno de los m\u00e1s antiguos e hist\u00f3ricos cementerios Jud\u00edos en California. El Cementerio Beth Olam fue fundado en los campos de Hollywood Forever en los a\u00f1os 20 para realizar entierros tradicionales Jud\u00edos. Los visitantes y hu\u00e9spedes pueden entrar a Beth Olam desde la entrada principal en el Boulevard Santa M\u00f3nica o desde la entrada oeste en la Calle Gower.<\/p>\n<p style=\"text-align: left;\">Nuestro staff asiste a cada familia para brindar un servicio acorde a los ritos hist\u00f3ricos Jud\u00edos de entierro para reflejar la tradici\u00f3n personal familiar de observancia.<\/p>\n","protected":false},"excerpt":{"rendered":"<p>Uno de los m\u00e1s antiguos e hist\u00f3ricos cementerios Jud\u00edos en California. El Cementerio Beth Olam fue fundado en los campos de Hollywood Forever en los a\u00f1os 20 para realizar entierros [&#8230;]<\/p>\n<p><a class=\"btn btn-secondary understrap-read-more-link\" href=\"https:\/\/hollywoodforever.com\/es\/cementerio\/beth-olam-jewish-cemetery\/\">Leer m\u00e1s&#8230;<\/a><\/p>\n","protected":false},"author":1,"featured_media":17932,"parent":19131,"menu_order":3,"comment_status":"closed","ping_status":"closed","template":"page-templates\/page-options.php","meta":{"_acf_changed":false,"footnotes":""},"class_list":["post-19568","page","type-page","status-publish","has-post-thumbnail","hentry"],"acf":[],"jetpack_sharing_enabled":true,"_links":{"self":[{"href":"https:\/\/hollywoodforever.com\/es\/wp-json\/wp\/v2\/pages\/19568","targetHints":{"allow":["GET"]}}],"collection":[{"href":"https:\/\/hollywoodforever.com\/es\/wp-json\/wp\/v2\/pages"}],"about":[{"href":"https:\/\/hollywoodforever.com\/es\/wp-json\/wp\/v2\/types\/page"}],"author":[{"embeddable":true,"href":"https:\/\/hollywoodforever.com\/es\/wp-json\/wp\/v2\/users\/1"}],"replies":[{"embeddable":true,"href":"https:\/\/hollywoodforever.com\/es\/wp-json\/wp\/v2\/comments?post=19568"}],"version-history":[{"count":0,"href":"https:\/\/hollywoodforever.com\/es\/wp-json\/wp\/v2\/pages\/19568\/revisions"}],"up":[{"embeddable":true,"href":"https:\/\/hollywoodforever.com\/es\/wp-json\/wp\/v2\/pages\/19131"}],"wp:featuredmedia":[{"embeddable":true,"href":"https:\/\/hollywoodforever.com\/es\/wp-json\/wp\/v2\/media\/17932"}],"wp:attachment":[{"href":"https:\/\/hollywoodforever.com\/es\/wp-json\/wp\/v2\/media?parent=19568"}],"curies":[{"name":"wp","href":"https:\/\/api.w.org\/{rel}","templated":true}]}}