{"id":19565,"date":"2018-03-11T15:07:26","date_gmt":"2018-03-11T22:07:26","guid":{"rendered":"https:\/\/hollywoodforever.com\/cemetery-options\/mausoleum-options\/"},"modified":"2021-06-01T15:33:37","modified_gmt":"2021-06-01T22:33:37","slug":"opciones-de-mausoleo","status":"publish","type":"page","link":"https:\/\/hollywoodforever.com\/es\/mausoleum-options\/","title":{"rendered":"Opciones de Mausoleo"},"content":{"rendered":"<p>Hollywood Forever es el hogar de algunos de los mausoleos m\u00e1s hist\u00f3ricos de la naci\u00f3n, y al mismo tiempo de algunos de los m\u00e1s nuevos y m\u00e1s innovadores. Todos ofrecen tanto criptas como <strong><a href=\"https:\/\/hollywoodforever.com\/cremation-urns\/cremation-niches\/\"><span style=\"color: #ce6632;\">nichos de cremaci\u00f3n<\/span><\/a><\/strong>\u00a0para satisfacer las necesidades de individuos y familias de todos los tama\u00f1os.<br \/>\n\t\t<div class=\"pageTOC\">\n\t\t<dt class=\"tocHeader\"><strong>Table of Contents<\/strong> <small><i class=\"tocToggleText\">[click to hide\/show]<\/i><\/small><\/dt>\n\n\t\t<dd class=\"tocContent\">\n\t\t<div id=\"tocDiv\">\n\t\t<ul id=\"tocList\">\n\t\t<\/ul>\n\t\t<\/div>\n\t\t<\/dd>\n\t\t<\/div>\n\t<br \/>\n\n\t\t<div class=\"onlineQuote\">\n\t\t\t\t\t<hr class=\"filigree\" \/>\n\t\t\t\t<a class=\"getQuote onlineQuoteButton\" href=\"#\" target=\"_self\"><span class=\"label\">COMIENCE A REALIZAR SUS ARREGLOS EN L\u00cdNEA<\/span><\/a>\n<!--\t\t<a class=\"getQuote onlineQuoteButton\" data-fancybox data-type=\"iframe\" href=\"https:\/\/hollywoodforever.com\/get-a-custom-price-quote\/\" target=\"_self\"><span class=\"label\">BEGIN MAKING ARRANGEMENTS ONLINE<\/span><\/a> -->\n\t\t<p><span >O hable con un consejero de planificaci\u00f3n familiar, disponible 24\/7.<\/span><\/p>\n\t\t<p class=\"onlineQuotePhone\"><span><a href=\"tel:3234691181\">(323) 469-1181<\/a><\/span><\/p>\n\t\t<p><span class=\"pricing\">or <a href=\"\/funeral-home\/pricing\" >Haga clic aqu\u00ed para ver nuestros Planes y Precios<\/a><\/span><\/p>\n\t\t\t<\/div>\n\t<\/p>\n","protected":false},"excerpt":{"rendered":"<p>Hollywood Forever es el hogar de algunos de los mausoleos m\u00e1s hist\u00f3ricos de la naci\u00f3n, y al mismo tiempo de algunos de los m\u00e1s nuevos y m\u00e1s innovadores. Todos ofrecen [&#8230;]<\/p>\n<p><a class=\"btn btn-secondary understrap-read-more-link\" href=\"https:\/\/hollywoodforever.com\/es\/mausoleum-options\/\">Leer m\u00e1s&#8230;<\/a><\/p>\n","protected":false},"author":1,"featured_media":17896,"parent":0,"menu_order":1,"comment_status":"closed","ping_status":"closed","template":"page-templates\/page-options.php","meta":{"_acf_changed":false,"footnotes":""},"class_list":["post-19565","page","type-page","status-publish","has-post-thumbnail","hentry"],"acf":[],"jetpack_sharing_enabled":true,"_links":{"self":[{"href":"https:\/\/hollywoodforever.com\/es\/wp-json\/wp\/v2\/pages\/19565","targetHints":{"allow":["GET"]}}],"collection":[{"href":"https:\/\/hollywoodforever.com\/es\/wp-json\/wp\/v2\/pages"}],"about":[{"href":"https:\/\/hollywoodforever.com\/es\/wp-json\/wp\/v2\/types\/page"}],"author":[{"embeddable":true,"href":"https:\/\/hollywoodforever.com\/es\/wp-json\/wp\/v2\/users\/1"}],"replies":[{"embeddable":true,"href":"https:\/\/hollywoodforever.com\/es\/wp-json\/wp\/v2\/comments?post=19565"}],"version-history":[{"count":0,"href":"https:\/\/hollywoodforever.com\/es\/wp-json\/wp\/v2\/pages\/19565\/revisions"}],"wp:featuredmedia":[{"embeddable":true,"href":"https:\/\/hollywoodforever.com\/es\/wp-json\/wp\/v2\/media\/17896"}],"wp:attachment":[{"href":"https:\/\/hollywoodforever.com\/es\/wp-json\/wp\/v2\/media?parent=19565"}],"curies":[{"name":"wp","href":"https:\/\/api.w.org\/{rel}","templated":true}]}}