{"id":19131,"date":"2020-03-11T15:07:09","date_gmt":"2020-03-11T22:07:09","guid":{"rendered":"https:\/\/hollywoodforever.com\/cemetery-options\/"},"modified":"2021-05-28T15:54:54","modified_gmt":"2021-05-28T22:54:54","slug":"cementerio","status":"publish","type":"page","link":"https:\/\/hollywoodforever.com\/es\/cementerio\/","title":{"rendered":"Cementerio"},"content":{"rendered":"<h3 style=\"text-align: left;\">Un punto de referencia en California desde hace m\u00e1s de un siglo<\/h3>\n<p style=\"text-align: left;\"><span style=\"font-weight: 400;\">Fundado en 1899, el Cementerio Hollywood Forever es el lugar de descanso de cientos de las mejores estrellas de Hollywood. Renovado a su esplendor original, el cementerio ha sido incluido en el Registro Nacional de Lugares Hist\u00f3ricos. Una instituci\u00f3n de Los \u00c1ngeles que atrae a visitantes de todo el mundo, Hollywood Forever es un cementerio activo y una funeraria que atiende las necesidades de nuestra comunidad y ciudad.<\/span><\/p>\n<p style=\"text-align: left;\"><span style=\"font-weight: 400;\">El cementerio ofrece m\u00e1s de cincuenta acres de espacio verde para visitantes y familias. Con varios espacios disponibles para entierros y nichos para cremaciones, la construcci\u00f3n de un nuevo mausoleo a punto de finalizar y un programa de eventos culturales emocionantes, el cementerio Hollywood Forever est\u00e1 m\u00e1s activo hoy que nunca.<\/span><\/p>\n<p>\t\t<div class=\"pageTOC\">\n\t\t<dt class=\"tocHeader\"><strong>Table of Contents<\/strong> <small><i class=\"tocToggleText\">[click to hide\/show]<\/i><\/small><\/dt>\n\n\t\t<dd class=\"tocContent\">\n\t\t<div id=\"tocDiv\">\n\t\t<ul id=\"tocList\">\n\t\t<\/ul>\n\t\t<\/div>\n\t\t<\/dd>\n\t\t<\/div>\n\t<br \/>\n\n\t\t<div class=\"onlineQuote\">\n\t\t\t\t\t<hr class=\"filigree\" \/>\n\t\t\t\t<a class=\"getQuote onlineQuoteButton\" href=\"#\" target=\"_self\"><span class=\"label\">COMIENCE A REALIZAR SUS ARREGLOS EN L\u00cdNEA<\/span><\/a>\n<!--\t\t<a class=\"getQuote onlineQuoteButton\" data-fancybox data-type=\"iframe\" href=\"https:\/\/hollywoodforever.com\/get-a-custom-price-quote\/\" target=\"_self\"><span class=\"label\">BEGIN MAKING ARRANGEMENTS ONLINE<\/span><\/a> -->\n\t\t<p><span >O hable con un consejero de planificaci\u00f3n familiar, disponible 24\/7.<\/span><\/p>\n\t\t<p class=\"onlineQuotePhone\"><span><a href=\"tel:3234691181\">(323) 469-1181<\/a><\/span><\/p>\n\t\t<p><span class=\"pricing\">or <a href=\"\/funeral-home\/pricing\" >Haga clic aqu\u00ed para ver nuestros Planes y Precios<\/a><\/span><\/p>\n\t\t\t<\/div>\n\t<\/p>\n","protected":false},"excerpt":{"rendered":"<p>Un punto de referencia en California desde hace m\u00e1s de un siglo Fundado en 1899, el Cementerio Hollywood Forever es el lugar de descanso de cientos de las mejores estrellas [&#8230;]<\/p>\n<p><a class=\"btn btn-secondary understrap-read-more-link\" href=\"https:\/\/hollywoodforever.com\/es\/cementerio\/\">Leer m\u00e1s&#8230;<\/a><\/p>\n","protected":false},"author":1,"featured_media":17931,"parent":0,"menu_order":20,"comment_status":"closed","ping_status":"closed","template":"page-templates\/page-options.php","meta":{"_acf_changed":false,"footnotes":""},"class_list":["post-19131","page","type-page","status-publish","has-post-thumbnail","hentry"],"acf":[],"jetpack_sharing_enabled":true,"_links":{"self":[{"href":"https:\/\/hollywoodforever.com\/es\/wp-json\/wp\/v2\/pages\/19131","targetHints":{"allow":["GET"]}}],"collection":[{"href":"https:\/\/hollywoodforever.com\/es\/wp-json\/wp\/v2\/pages"}],"about":[{"href":"https:\/\/hollywoodforever.com\/es\/wp-json\/wp\/v2\/types\/page"}],"author":[{"embeddable":true,"href":"https:\/\/hollywoodforever.com\/es\/wp-json\/wp\/v2\/users\/1"}],"replies":[{"embeddable":true,"href":"https:\/\/hollywoodforever.com\/es\/wp-json\/wp\/v2\/comments?post=19131"}],"version-history":[{"count":0,"href":"https:\/\/hollywoodforever.com\/es\/wp-json\/wp\/v2\/pages\/19131\/revisions"}],"wp:featuredmedia":[{"embeddable":true,"href":"https:\/\/hollywoodforever.com\/es\/wp-json\/wp\/v2\/media\/17931"}],"wp:attachment":[{"href":"https:\/\/hollywoodforever.com\/es\/wp-json\/wp\/v2\/media?parent=19131"}],"curies":[{"name":"wp","href":"https:\/\/api.w.org\/{rel}","templated":true}]}}